{"id":2236,"date":"2023-10-10T10:52:12","date_gmt":"2023-10-10T08:52:12","guid":{"rendered":"https:\/\/iqproduct.com\/?page_id=2236"},"modified":"2024-06-11T10:58:05","modified_gmt":"2024-06-11T08:58:05","slug":"beschwerdeverfahren-der-iq-product-s-r-o","status":"publish","type":"page","link":"https:\/\/iqproduct.com\/de\/beschwerdeverfahren-der-iq-product-s-r-o\/","title":{"rendered":"Beschwerdeverfahren"},"content":{"rendered":"<p>I. EINLEITENDE BESTIMMUNGEN<\/p>\n<p>1. Das Beschwerdeverfahren der IQ PRODUCT s.r.o., Dru\u017estevn\u00e1 549\/7, 922 10 Trebatice, ID: 51825163 (nachfolgend Lieferant), zusammen mit den Allgemeinen Gesch\u00e4ftsbedingungen (AGB) der IQ PRODUCT s.r.o. bilden einen integralen Bestandteil jedes Kaufvertrags oder einer bindenden Bestellung, die den Kaufvertrag ersetzt.<\/p>\n<p>2. Das Beschwerdeverfahren legt die Hauptprinzipien der Lieferanten-Kunden-Beziehungen in F\u00e4llen von Kundenbeschwerden oder Beanstandungen \u00fcber unter den vereinbarten Bedingungen gelieferte Produkte im Rahmen der vertraglichen Beziehung fest.<\/p>\n<p>3. Die gelieferten Produkte sind f\u00fcr 12 Monate ab dem auf der Verpackung angegebenen Herstellungsdatum oder dem Datum auf dem Lieferschein garantiert, sofern nichts anderes angegeben ist, zum Beispiel in Form eines Vermerks auf der Rechnung oder einer Bestimmung im Vertrag.<\/p>\n<p>II. GRUNDPRINZIPIEN DER BESCHWERDEN<\/p>\n<p>1. Der Kunde ist verpflichtet, das Produkt (Ware) bei Lieferung zu \u00fcberpr\u00fcfen und seine Annahme im Lieferschein (nachfolgend als LS bezeichnet) oder im Transporteurdokument, das den oben genannten Lieferschein ersetzt (z. B. Frachtbrief), zu best\u00e4tigen. Sofort festgestellte M\u00e4ngel des Produkts (in seiner Qualit\u00e4t, Menge, m\u00f6glichen Sch\u00e4den usw.) werden vom Kunden in diesen Dokumenten festgehalten (einschlie\u00dflich des Datums der Aufzeichnung und der Identifizierung der Person, die die Aufzeichnung vorgenommen hat, sowie ihrer Unterschrift). In begr\u00fcndeten F\u00e4llen, wenn es sich um einen Mangel handelt, der eindeutig die beabsichtigte Verwendung des Produkts verhindert, kann der Kunde die Annahme einer solchen Lieferung verweigern. Der Kunde protokolliert den Mangel der Ware mit den Gr\u00fcnden, warum die Annahme in den oben genannten Dokumenten verweigert wurde, deutlich lesbar.<\/p>\n<p>2. Falls der Kunde einen Mangel erst nach Erhalt des Produkts feststellt, benachrichtigt er den Lieferanten unverz\u00fcglich schriftlich und sorgt f\u00fcr eine angemessene Lagerung des beanstandeten Produkts, damit dessen Qualit\u00e4t durch die Lagerung nicht negativ beeinflusst wird (siehe Gesch\u00e4ftsbedingungen der IQ PRODUCT s.r.o.). Dieses Dokument ist f\u00fcr den weiteren Verlauf des Beschwerdeverfahrens beim Lieferanten unerl\u00e4sslich.<\/p>\n<p>3. Sofern die Parteien nichts anderes vereinbaren, ist die grundlegende Voraussetzung f\u00fcr die Geltendmachung eines Produktm\u00e4ngelanspruchs die Vorlage (Lieferung) der gesamten beanstandeten Menge von Produkten in der Originalverpackung, mit der Originalidentifikationsmarke (Chargennummer oder Seriennummer) und auf der Verpackung der Produkte selbst (Identifikationsetiketten oder Pr\u00fcfkarten &#8211; je nach Produkttyp) zur Bewertung. Eine schriftliche Benachrichtigung an den Lieferanten ist ebenfalls enthalten. F\u00fcr diese Benachrichtigung verwendet der Kunde das Beschwerdeprotokoll des Lieferanten, das diesen Beschwerdevorschriften beigef\u00fcgt ist und dem Beschwerdef\u00fchrer unter http:\/\/www.agfoil.eu (Abschnitt &#8220;Support&#8221;) zur Verf\u00fcgung steht.<\/p>\n<p>In Ausnahmef\u00e4llen ist die Lieferung eines anderen Beschwerdeprotokolls zul\u00e4ssig, das jedoch mindestens die folgenden Daten enthalten muss:<\/p>\n<p>a) Kundendaten, Kontaktperson (Telefon, E-Mail)<br \/>\nb) Artikelnummer des Lieferanten und\/oder interne Artikelnummer des Kunden<br \/>\nc) Name des beanstandeten Produktartikels<br \/>\nd) beanstandete Menge<br \/>\ne) Kundenbestellnummer<br \/>\nf) Lieferschein-\/Rechnungsnummer des Lieferanten<br \/>\ng) Chargennummer des Lieferanten (auf dem Produkt\/Chargennummer angegeben)<br \/>\nh) Grund der Beschwerde<\/p>\n<p>Der Lieferant hat das Recht, Produkte ohne die Originalidentifikationsmarke nicht in das Beschwerdeverfahren aufzunehmen und somit ihre Beschwerde nicht anzuerkennen.<\/p>\n<p>4. Das Beschwerdeverfahren wird vom Lieferanten erstmals an dem Tag eingeleitet, an dem er eine schriftliche Meldung \u00fcber M\u00e4ngel (Anwendung der Beschwerde) erh\u00e4lt und physisch \u00fcber das beanstandete Produkt verf\u00fcgt. Er informiert den Kunden schriftlich \u00fcber das Ergebnis des Verfahrens innerhalb der nachstehend angegebenen Fristen.<\/p>\n<p>5. Bei der Beurteilung von M\u00e4ngeln im Beschwerdeverfahren st\u00fctzt sich der Lieferant ausschlie\u00dflich auf die vereinbarten Parameter in der Kunden-Lieferanten-Beziehung (Vertrag oder Bestellung) und gem\u00e4\u00df den Allgemeinen Gesch\u00e4ftsbedingungen des Lieferanten. Er ber\u00fccksichtigt die technischen und technologischen M\u00f6glichkeiten, die gew\u00e4hlte Produktions-technologie und die Bedingungen, unter denen die Kunden-Lieferanten-Beziehung geschaffen wurde.<\/p>\n<p>6. Nach Ablauf der in Punkt I. 3. oben genannten Gew\u00e4hrleistungsfrist oder bei Beschwerden, wenn der Kunde das beanstandete Produkt nicht zur Bewertung vorlegt, oder nicht bei der L\u00f6sung mitwirkt oder es nicht m\u00f6glich ist, das Herstellungsdatum des Produkts zu identifizieren, werden keine Beschwerden anerkannt.<\/p>\n<p>III. BESCHWERDEVERFAHREN<\/p>\n<p>1. Der Kunde benachrichtigt den Lieferanten telefonisch \u00fcber die Feststellung eines Mangels und anschlie\u00dfend schriftlich durch Zusendung eines ausgef\u00fcllten Beschwerdeprotokolls gem\u00e4\u00df Punkt II. 3. oben.<\/p>\n<p>2. Es obliegt dem Kunden, sich im Voraus mit dem Lieferanten \u00fcber die R\u00fccksendemethode des beanstandeten Produkts oder die Lieferung ihrer Muster zu einigen. Die Kosten f\u00fcr die R\u00fccksendung des beanstandeten Produkts oder die Lieferung ihrer Muster tr\u00e4gt der Kunde. Das grundlegende Kriterium dieser Vereinbarung ist die Minimierung der mit diesem Verfahren verbundenen Kosten.<\/p>\n<p>3. Der Kunde wird bei der R\u00fccksendung des beanstandeten Produkts zusammenarbeiten oder Proben sichern und liefern, die Produktm\u00e4ng<\/p>\n<p>el zeigen.<\/p>\n<p>4. Der Lieferant wird den beanstandeten Mangel bewerten und \u00fcber die Rechtm\u00e4\u00dfigkeit der Beschwerde innerhalb k\u00fcrzester Zeit entscheiden, wenn die Bedingungen gem\u00e4\u00df Artikel II. erf\u00fcllt sind. dieses Beschwerdeverfahrens. Er informiert den Kunden schriftlich \u00fcber seine Entscheidung.<\/p>\n<p>IV. UNZUL\u00c4SSIGE BESCHWERDE<\/p>\n<p>1. Falls der Lieferant w\u00e4hrend der Beurteilung des beanstandeten Mangels feststellt, dass die Beschwerde nicht gerechtfertigt ist, benachrichtigt er den Kunden schriftlich \u00fcber diesen Umstand.<\/p>\n<p>2. Wenn sich das beanstandete Produkt auf dem Gel\u00e4nde des Lieferanten befindet, sendet er es an die urspr\u00fcngliche Adresse des Kunden. In diesem Fall ist der Lieferant berechtigt, dem Kunden die mit dem Transport des beanstandeten Produkts verbundenen Kosten in Rechnung zu stellen.<\/p>\n<p>3. Das Produkt (die Ware) wurde w\u00e4hrend des Transports besch\u00e4digt (offensichtliche Besch\u00e4digung der Ware oder ihrer Verpackung) und muss sofort mit dem Frachtf\u00fchrer gel\u00f6st werden, und der Kunde ist nicht verpflichtet, die Ware zu \u00fcbernehmen.<\/p>\n<p>4. Das Produkt (die Ware) wurde durch unsachgem\u00e4\u00dfe Installation oder Handhabung und Betrieb entgegen der Bedienungsanleitung besch\u00e4digt (sofern f\u00fcr das Produkt eine solche vorhanden ist).<\/p>\n<p>5. Das Produkt wurde unter Bedingungen verwendet, die nicht den in der Dokumentation angegebenen Parametern und Anforderungen entsprechen (sofern f\u00fcr das Produkt eine solche vorhanden ist).<\/p>\n<p>6. Das Produkt (die Ware) wurde durch die Elemente besch\u00e4digt.<\/p>\n<p>7. Das Produkt (die Ware) wurde durch \u00fcberm\u00e4\u00dfige Belastung oder Verwendung entgegen den in der Dokumentation angegebenen Bedingungen besch\u00e4digt (sofern f\u00fcr die Ware eine solche vorhanden ist).<\/p>\n<p>8. Das Produkt (die Ware) wurde besch\u00e4digt, weil es mit einem Netzwerk verbunden war, das nicht der relevanten STN entspricht.<\/p>\n<p>V. ZUL\u00c4SSIGE BESCHWERDE<\/p>\n<p>1. Entfernbare M\u00e4ngel<br \/>\nWenn der Lieferant nach Beurteilung des beanstandeten Mangels feststellt, dass es sich um einen Mangel handelt, der entfernt werden kann, hat der Kunde das Recht, ihn innerhalb der mit dem Lieferanten vereinbarten Frist kostenlos entfernen zu lassen.<\/p>\n<p>2. Nicht entfernbarer Mangel<br \/>\nWenn der Lieferant nach Beurteilung des beanstandeten Mangels feststellt, dass es sich um einen Mangel handelt, der nicht entfernt werden kann und die beabsichtigte Verwendung des Produkts verhindert, hat der Kunde das Recht auf Austausch (Ersatzleistung) innerhalb der mit dem Lieferanten vereinbarten Frist oder das Recht, vom Vertrag zur\u00fcckzutreten.<\/p>\n<p>3. Inkonsistenz der Begleitdokumentation (Rechnung, Lieferschein, Frachtbrief) mit der Lieferung des Produkts<br \/>\nFalls der Kunde einen Unterschied zwischen Rechnung\/Lieferschein\/Frachtbrief und dem tats\u00e4chlich gelieferten Produkt (in Art oder Menge) feststellt, kontaktiert er den Lieferanten unverz\u00fcglich schriftlich, der die Situation sofort korrigiert.<\/p>\n<p>VI. BESCHWERDEBEARBEITUNG<\/p>\n<p>1. Der Kunde wird telefonisch \u00fcber das Ergebnis des Beschwerdeverfahrens informiert, dann schriftlich mit einer Stellungnahme zur Methode zur Schlie\u00dfung der Beschwerde. In F\u00e4llen, in denen aufgrund einer begr\u00fcndeten Beschwerde nachfolgende korrigierende oder vorbeugende Ma\u00dfnahmen ergriffen werden, um das Wiederauftreten von Abweichungen zu verhindern, hat der Kunde das Recht, dar\u00fcber informiert zu werden.<\/p>\n<p>2. Der Lieferant informiert den Kunden sp\u00e4testens 30 Tage nach Erhalt des Protokolls \u00fcber M\u00e4ngel (Beschwerdeprotokoll) und des beanstandeten Produkts zur Bewertung \u00fcber das Ergebnis des Beschwerdeverfahrens, sofern nicht von beiden Parteien eine andere Frist vereinbart wurde. Falls der Kunde nicht an der Beschwerde teilnimmt oder andere unvorhersehbare Umst\u00e4nde eintreten, die vom Lieferanten nicht beeinflusst werden k\u00f6nnen, wird diese Frist entsprechend verl\u00e4ngert. Der Kunde wird von diesen Gr\u00fcnden vom Lieferanten informiert.<\/p>\n<p>VII. ANSPR\u00dcCHE F\u00dcR EIN PRODUKT, DAS BEIM TRANSPORT BESCH\u00c4DIGT WURDE<\/p>\n<p>1. Bei offensichtlichen Sch\u00e4den am Produkt w\u00e4hrend des Transports handelt der Kunde gem\u00e4\u00df Punkt II. 1. dieses Beschwerdeverfahrens.<\/p>\n<p>2. Der Kunde wird nach bestem Wissen Beweise sichern (Fotodokumentation, besch\u00e4digtes Produkt, Verpackung usw.) f\u00fcr die Besch\u00e4digung des Produkts durch den Frachtf\u00fchrer, die er dem Lieferanten vorlegen wird.<\/p>\n<p>VIII. ABSCHLIESSENDE BESTIMMUNGEN<\/p>\n<p>1. Dieses Beschwerdeverfahren tritt am 1. Januar 2023 in Kraft und gilt unbefristet. Der Lieferant beh\u00e4lt sich das Recht vor, den Wortlaut des Beschwerdeverfahrens zu \u00e4ndern.<\/p>\n","protected":false},"excerpt":{"rendered":"<p>I. EINLEITENDE BESTIMMUNGEN 1. Das Beschwerdeverfahren der IQ PRODUCT s.r.o., Dru\u017estevn\u00e1 549\/7, 922 10 Trebatice, ID: 51825163 (nachfolgend Lieferant), zusammen mit den Allgemeinen Gesch\u00e4ftsbedingungen (AGB) der IQ PRODUCT s.r.o. bilden einen integralen Bestandteil jedes Kaufvertrags oder einer bindenden Bestellung, die den Kaufvertrag ersetzt. 2. Das Beschwerdeverfahren legt die Hauptprinzipien der Lieferanten-Kunden-Beziehungen in F\u00e4llen von Kundenbeschwerden [&hellip;]<\/p>\n","protected":false},"author":6,"featured_media":0,"parent":0,"menu_order":0,"comment_status":"closed","ping_status":"closed","template":"","meta":{"_acf_changed":false,"footnotes":""},"class_list":["post-2236","page","type-page","status-publish","hentry"],"acf":[],"yoast_head":"<!-- This site is optimized with the Yoast SEO plugin v27.0 - https:\/\/yoast.com\/product\/yoast-seo-wordpress\/ -->\n<title>Beschwerdeverfahren - IQProduct<\/title>\n<meta name=\"robots\" content=\"index, follow, max-snippet:-1, max-image-preview:large, max-video-preview:-1\" \/>\n<link rel=\"canonical\" href=\"https:\/\/iqproduct.com\/de\/beschwerdeverfahren-der-iq-product-s-r-o\/\" \/>\n<meta property=\"og:locale\" content=\"de_DE\" \/>\n<meta property=\"og:type\" content=\"article\" \/>\n<meta property=\"og:title\" content=\"Beschwerdeverfahren - IQProduct\" \/>\n<meta property=\"og:description\" content=\"I. EINLEITENDE BESTIMMUNGEN 1. Das Beschwerdeverfahren der IQ PRODUCT s.r.o., Dru\u017estevn\u00e1 549\/7, 922 10 Trebatice, ID: 51825163 (nachfolgend Lieferant), zusammen mit den Allgemeinen Gesch\u00e4ftsbedingungen (AGB) der IQ PRODUCT s.r.o. bilden einen integralen Bestandteil jedes Kaufvertrags oder einer bindenden Bestellung, die den Kaufvertrag ersetzt. 2. Das Beschwerdeverfahren legt die Hauptprinzipien der Lieferanten-Kunden-Beziehungen in F\u00e4llen von Kundenbeschwerden [&hellip;]\" \/>\n<meta property=\"og:url\" content=\"https:\/\/iqproduct.com\/de\/beschwerdeverfahren-der-iq-product-s-r-o\/\" \/>\n<meta property=\"og:site_name\" content=\"IQProduct\" \/>\n<meta property=\"article:modified_time\" content=\"2024-06-11T08:58:05+00:00\" \/>\n<meta name=\"twitter:card\" content=\"summary_large_image\" \/>\n<meta name=\"twitter:label1\" content=\"Gesch\u00e4tzte Lesezeit\" \/>\n\t<meta name=\"twitter:data1\" content=\"8\u00a0Minuten\" \/>\n<script type=\"application\/ld+json\" class=\"yoast-schema-graph\">{\"@context\":\"https:\/\/schema.org\",\"@graph\":[{\"@type\":\"WebPage\",\"@id\":\"https:\/\/iqproduct.com\/de\/beschwerdeverfahren-der-iq-product-s-r-o\/\",\"url\":\"https:\/\/iqproduct.com\/de\/beschwerdeverfahren-der-iq-product-s-r-o\/\",\"name\":\"Beschwerdeverfahren - IQProduct\",\"isPartOf\":{\"@id\":\"https:\/\/iqproduct.com\/de\/#website\"},\"datePublished\":\"2023-10-10T08:52:12+00:00\",\"dateModified\":\"2024-06-11T08:58:05+00:00\",\"breadcrumb\":{\"@id\":\"https:\/\/iqproduct.com\/de\/beschwerdeverfahren-der-iq-product-s-r-o\/#breadcrumb\"},\"inLanguage\":\"de\",\"potentialAction\":[{\"@type\":\"ReadAction\",\"target\":[\"https:\/\/iqproduct.com\/de\/beschwerdeverfahren-der-iq-product-s-r-o\/\"]}]},{\"@type\":\"BreadcrumbList\",\"@id\":\"https:\/\/iqproduct.com\/de\/beschwerdeverfahren-der-iq-product-s-r-o\/#breadcrumb\",\"itemListElement\":[{\"@type\":\"ListItem\",\"position\":1,\"name\":\"Domovsk\u00e1 str\u00e1nka\",\"item\":\"https:\/\/iqproduct.com\/de\/\"},{\"@type\":\"ListItem\",\"position\":2,\"name\":\"Beschwerdeverfahren\"}]},{\"@type\":\"WebSite\",\"@id\":\"https:\/\/iqproduct.com\/de\/#website\",\"url\":\"https:\/\/iqproduct.com\/de\/\",\"name\":\"IQProduct\",\"description\":\"\",\"publisher\":{\"@id\":\"https:\/\/iqproduct.com\/de\/#organization\"},\"potentialAction\":[{\"@type\":\"SearchAction\",\"target\":{\"@type\":\"EntryPoint\",\"urlTemplate\":\"https:\/\/iqproduct.com\/de\/?s={search_term_string}\"},\"query-input\":{\"@type\":\"PropertyValueSpecification\",\"valueRequired\":true,\"valueName\":\"search_term_string\"}}],\"inLanguage\":\"de\"},{\"@type\":\"Organization\",\"@id\":\"https:\/\/iqproduct.com\/de\/#organization\",\"name\":\"IQ Product\",\"url\":\"https:\/\/iqproduct.com\/de\/\",\"logo\":{\"@type\":\"ImageObject\",\"inLanguage\":\"de\",\"@id\":\"https:\/\/iqproduct.com\/de\/#\/schema\/logo\/image\/\",\"url\":\"https:\/\/iqproduct.com\/wp-content\/uploads\/2023\/08\/iq-label_logo.svg\",\"contentUrl\":\"https:\/\/iqproduct.com\/wp-content\/uploads\/2023\/08\/iq-label_logo.svg\",\"width\":1,\"height\":1,\"caption\":\"IQ Product\"},\"image\":{\"@id\":\"https:\/\/iqproduct.com\/de\/#\/schema\/logo\/image\/\"}}]}<\/script>\n<!-- \/ Yoast SEO plugin. -->","yoast_head_json":{"title":"Beschwerdeverfahren - IQProduct","robots":{"index":"index","follow":"follow","max-snippet":"max-snippet:-1","max-image-preview":"max-image-preview:large","max-video-preview":"max-video-preview:-1"},"canonical":"https:\/\/iqproduct.com\/de\/beschwerdeverfahren-der-iq-product-s-r-o\/","og_locale":"de_DE","og_type":"article","og_title":"Beschwerdeverfahren - IQProduct","og_description":"I. EINLEITENDE BESTIMMUNGEN 1. Das Beschwerdeverfahren der IQ PRODUCT s.r.o., Dru\u017estevn\u00e1 549\/7, 922 10 Trebatice, ID: 51825163 (nachfolgend Lieferant), zusammen mit den Allgemeinen Gesch\u00e4ftsbedingungen (AGB) der IQ PRODUCT s.r.o. bilden einen integralen Bestandteil jedes Kaufvertrags oder einer bindenden Bestellung, die den Kaufvertrag ersetzt. 2. Das Beschwerdeverfahren legt die Hauptprinzipien der Lieferanten-Kunden-Beziehungen in F\u00e4llen von Kundenbeschwerden [&hellip;]","og_url":"https:\/\/iqproduct.com\/de\/beschwerdeverfahren-der-iq-product-s-r-o\/","og_site_name":"IQProduct","article_modified_time":"2024-06-11T08:58:05+00:00","twitter_card":"summary_large_image","twitter_misc":{"Gesch\u00e4tzte Lesezeit":"8\u00a0Minuten"},"schema":{"@context":"https:\/\/schema.org","@graph":[{"@type":"WebPage","@id":"https:\/\/iqproduct.com\/de\/beschwerdeverfahren-der-iq-product-s-r-o\/","url":"https:\/\/iqproduct.com\/de\/beschwerdeverfahren-der-iq-product-s-r-o\/","name":"Beschwerdeverfahren - IQProduct","isPartOf":{"@id":"https:\/\/iqproduct.com\/de\/#website"},"datePublished":"2023-10-10T08:52:12+00:00","dateModified":"2024-06-11T08:58:05+00:00","breadcrumb":{"@id":"https:\/\/iqproduct.com\/de\/beschwerdeverfahren-der-iq-product-s-r-o\/#breadcrumb"},"inLanguage":"de","potentialAction":[{"@type":"ReadAction","target":["https:\/\/iqproduct.com\/de\/beschwerdeverfahren-der-iq-product-s-r-o\/"]}]},{"@type":"BreadcrumbList","@id":"https:\/\/iqproduct.com\/de\/beschwerdeverfahren-der-iq-product-s-r-o\/#breadcrumb","itemListElement":[{"@type":"ListItem","position":1,"name":"Domovsk\u00e1 str\u00e1nka","item":"https:\/\/iqproduct.com\/de\/"},{"@type":"ListItem","position":2,"name":"Beschwerdeverfahren"}]},{"@type":"WebSite","@id":"https:\/\/iqproduct.com\/de\/#website","url":"https:\/\/iqproduct.com\/de\/","name":"IQProduct","description":"","publisher":{"@id":"https:\/\/iqproduct.com\/de\/#organization"},"potentialAction":[{"@type":"SearchAction","target":{"@type":"EntryPoint","urlTemplate":"https:\/\/iqproduct.com\/de\/?s={search_term_string}"},"query-input":{"@type":"PropertyValueSpecification","valueRequired":true,"valueName":"search_term_string"}}],"inLanguage":"de"},{"@type":"Organization","@id":"https:\/\/iqproduct.com\/de\/#organization","name":"IQ Product","url":"https:\/\/iqproduct.com\/de\/","logo":{"@type":"ImageObject","inLanguage":"de","@id":"https:\/\/iqproduct.com\/de\/#\/schema\/logo\/image\/","url":"https:\/\/iqproduct.com\/wp-content\/uploads\/2023\/08\/iq-label_logo.svg","contentUrl":"https:\/\/iqproduct.com\/wp-content\/uploads\/2023\/08\/iq-label_logo.svg","width":1,"height":1,"caption":"IQ Product"},"image":{"@id":"https:\/\/iqproduct.com\/de\/#\/schema\/logo\/image\/"}}]}},"_links":{"self":[{"href":"https:\/\/iqproduct.com\/de\/wp-json\/wp\/v2\/pages\/2236","targetHints":{"allow":["GET"]}}],"collection":[{"href":"https:\/\/iqproduct.com\/de\/wp-json\/wp\/v2\/pages"}],"about":[{"href":"https:\/\/iqproduct.com\/de\/wp-json\/wp\/v2\/types\/page"}],"author":[{"embeddable":true,"href":"https:\/\/iqproduct.com\/de\/wp-json\/wp\/v2\/users\/6"}],"replies":[{"embeddable":true,"href":"https:\/\/iqproduct.com\/de\/wp-json\/wp\/v2\/comments?post=2236"}],"version-history":[{"count":2,"href":"https:\/\/iqproduct.com\/de\/wp-json\/wp\/v2\/pages\/2236\/revisions"}],"predecessor-version":[{"id":2912,"href":"https:\/\/iqproduct.com\/de\/wp-json\/wp\/v2\/pages\/2236\/revisions\/2912"}],"wp:attachment":[{"href":"https:\/\/iqproduct.com\/de\/wp-json\/wp\/v2\/media?parent=2236"}],"curies":[{"name":"wp","href":"https:\/\/api.w.org\/{rel}","templated":true}]}}