{"id":2242,"date":"2023-08-15T12:13:31","date_gmt":"2023-08-15T10:13:31","guid":{"rendered":"https:\/\/iqproduct.com\/?page_id=2242"},"modified":"2026-02-04T13:30:42","modified_gmt":"2026-02-04T12:30:42","slug":"industrielle-loesungen","status":"publish","type":"page","link":"https:\/\/iqproduct.com\/de\/industrielle-loesungen\/","title":{"rendered":"Industrielle L\u00f6sungen"},"content":{"rendered":"","protected":false},"excerpt":{"rendered":"","protected":false},"author":6,"featured_media":744,"parent":0,"menu_order":0,"comment_status":"closed","ping_status":"closed","template":"page-solutions.php","meta":{"_acf_changed":false,"footnotes":""},"class_list":["post-2242","page","type-page","status-publish","has-post-thumbnail","hentry"],"acf":[],"yoast_head":"<!-- This site is optimized with the Yoast SEO plugin v27.0 - https:\/\/yoast.com\/product\/yoast-seo-wordpress\/ -->\n<title>Industrielle L\u00f6sungen - IQProduct<\/title>\n<meta name=\"description\" content=\"Industrielle Kennzeichnungsl\u00f6sungen f\u00fcr verschiedene Branchen. Ma\u00dfgeschneiderte Etiketten f\u00fcr Logistik, Lebensmittel, Automotive und Industrie.\" \/>\n<meta name=\"robots\" content=\"index, follow, max-snippet:-1, max-image-preview:large, max-video-preview:-1\" \/>\n<link rel=\"canonical\" href=\"https:\/\/iqproduct.com\/de\/industrielle-loesungen\/\" \/>\n<meta property=\"og:locale\" content=\"de_DE\" \/>\n<meta property=\"og:type\" content=\"article\" \/>\n<meta property=\"og:title\" content=\"Industrielle Kennzeichnungsl\u00f6sungen | IQ PRODUCT\" \/>\n<meta property=\"og:description\" content=\"Ma\u00dfgeschneiderte industrielle Kennzeichnungsl\u00f6sungen f\u00fcr zahlreiche Branchen. Zuverl\u00e4ssige Etiketten von IQ PRODUCT.\" \/>\n<meta property=\"og:url\" content=\"https:\/\/iqproduct.com\/de\/industrielle-loesungen\/\" \/>\n<meta property=\"og:site_name\" content=\"IQProduct\" \/>\n<meta property=\"article:modified_time\" content=\"2026-02-04T12:30:42+00:00\" \/>\n<meta property=\"og:image\" content=\"https:\/\/iqproduct.com\/wp-content\/uploads\/2026\/02\/Riesenia_de.webp\" \/>\n\t<meta property=\"og:image:width\" content=\"1200\" \/>\n\t<meta property=\"og:image:height\" content=\"628\" \/>\n\t<meta property=\"og:image:type\" content=\"image\/webp\" \/>\n<meta name=\"twitter:card\" content=\"summary_large_image\" \/>\n<meta name=\"twitter:label1\" content=\"Gesch\u00e4tzte Lesezeit\" \/>\n\t<meta name=\"twitter:data1\" content=\"1\u00a0Minute\" \/>\n<script type=\"application\/ld+json\" class=\"yoast-schema-graph\">{\"@context\":\"https:\/\/schema.org\",\"@graph\":[{\"@type\":\"WebPage\",\"@id\":\"https:\/\/iqproduct.com\/de\/industrielle-loesungen\/\",\"url\":\"https:\/\/iqproduct.com\/de\/industrielle-loesungen\/\",\"name\":\"Industrielle L\u00f6sungen - IQProduct\",\"isPartOf\":{\"@id\":\"https:\/\/iqproduct.com\/de\/#website\"},\"primaryImageOfPage\":{\"@id\":\"https:\/\/iqproduct.com\/de\/industrielle-loesungen\/#primaryimage\"},\"image\":{\"@id\":\"https:\/\/iqproduct.com\/de\/industrielle-loesungen\/#primaryimage\"},\"thumbnailUrl\":\"https:\/\/iqproduct.com\/wp-content\/uploads\/2023\/10\/DSC_7382-Kopirovat.jpg\",\"datePublished\":\"2023-08-15T10:13:31+00:00\",\"dateModified\":\"2026-02-04T12:30:42+00:00\",\"description\":\"Industrielle Kennzeichnungsl\u00f6sungen f\u00fcr verschiedene Branchen. Ma\u00dfgeschneiderte Etiketten f\u00fcr Logistik, Lebensmittel, Automotive und Industrie.\",\"breadcrumb\":{\"@id\":\"https:\/\/iqproduct.com\/de\/industrielle-loesungen\/#breadcrumb\"},\"inLanguage\":\"de\",\"potentialAction\":[{\"@type\":\"ReadAction\",\"target\":[\"https:\/\/iqproduct.com\/de\/industrielle-loesungen\/\"]}]},{\"@type\":\"ImageObject\",\"inLanguage\":\"de\",\"@id\":\"https:\/\/iqproduct.com\/de\/industrielle-loesungen\/#primaryimage\",\"url\":\"https:\/\/iqproduct.com\/wp-content\/uploads\/2023\/10\/DSC_7382-Kopirovat.jpg\",\"contentUrl\":\"https:\/\/iqproduct.com\/wp-content\/uploads\/2023\/10\/DSC_7382-Kopirovat.jpg\",\"width\":1620,\"height\":1080},{\"@type\":\"BreadcrumbList\",\"@id\":\"https:\/\/iqproduct.com\/de\/industrielle-loesungen\/#breadcrumb\",\"itemListElement\":[{\"@type\":\"ListItem\",\"position\":1,\"name\":\"Domovsk\u00e1 str\u00e1nka\",\"item\":\"https:\/\/iqproduct.com\/de\/\"},{\"@type\":\"ListItem\",\"position\":2,\"name\":\"Industrielle L\u00f6sungen\"}]},{\"@type\":\"WebSite\",\"@id\":\"https:\/\/iqproduct.com\/de\/#website\",\"url\":\"https:\/\/iqproduct.com\/de\/\",\"name\":\"IQProduct\",\"description\":\"\",\"publisher\":{\"@id\":\"https:\/\/iqproduct.com\/de\/#organization\"},\"potentialAction\":[{\"@type\":\"SearchAction\",\"target\":{\"@type\":\"EntryPoint\",\"urlTemplate\":\"https:\/\/iqproduct.com\/de\/?s={search_term_string}\"},\"query-input\":{\"@type\":\"PropertyValueSpecification\",\"valueRequired\":true,\"valueName\":\"search_term_string\"}}],\"inLanguage\":\"de\"},{\"@type\":\"Organization\",\"@id\":\"https:\/\/iqproduct.com\/de\/#organization\",\"name\":\"IQ Product\",\"url\":\"https:\/\/iqproduct.com\/de\/\",\"logo\":{\"@type\":\"ImageObject\",\"inLanguage\":\"de\",\"@id\":\"https:\/\/iqproduct.com\/de\/#\/schema\/logo\/image\/\",\"url\":\"https:\/\/iqproduct.com\/wp-content\/uploads\/2023\/08\/iq-label_logo.svg\",\"contentUrl\":\"https:\/\/iqproduct.com\/wp-content\/uploads\/2023\/08\/iq-label_logo.svg\",\"width\":1,\"height\":1,\"caption\":\"IQ Product\"},\"image\":{\"@id\":\"https:\/\/iqproduct.com\/de\/#\/schema\/logo\/image\/\"}}]}<\/script>\n<!-- \/ Yoast SEO plugin. -->","yoast_head_json":{"title":"Industrielle L\u00f6sungen - IQProduct","description":"Industrielle Kennzeichnungsl\u00f6sungen f\u00fcr verschiedene Branchen. Ma\u00dfgeschneiderte Etiketten f\u00fcr Logistik, Lebensmittel, Automotive und Industrie.","robots":{"index":"index","follow":"follow","max-snippet":"max-snippet:-1","max-image-preview":"max-image-preview:large","max-video-preview":"max-video-preview:-1"},"canonical":"https:\/\/iqproduct.com\/de\/industrielle-loesungen\/","og_locale":"de_DE","og_type":"article","og_title":"Industrielle Kennzeichnungsl\u00f6sungen | IQ PRODUCT","og_description":"Ma\u00dfgeschneiderte industrielle Kennzeichnungsl\u00f6sungen f\u00fcr zahlreiche Branchen. Zuverl\u00e4ssige Etiketten von IQ PRODUCT.","og_url":"https:\/\/iqproduct.com\/de\/industrielle-loesungen\/","og_site_name":"IQProduct","article_modified_time":"2026-02-04T12:30:42+00:00","og_image":[{"width":1200,"height":628,"url":"https:\/\/iqproduct.com\/wp-content\/uploads\/2026\/02\/Riesenia_de.webp","type":"image\/webp"}],"twitter_card":"summary_large_image","twitter_misc":{"Gesch\u00e4tzte Lesezeit":"1\u00a0Minute"},"schema":{"@context":"https:\/\/schema.org","@graph":[{"@type":"WebPage","@id":"https:\/\/iqproduct.com\/de\/industrielle-loesungen\/","url":"https:\/\/iqproduct.com\/de\/industrielle-loesungen\/","name":"Industrielle L\u00f6sungen - IQProduct","isPartOf":{"@id":"https:\/\/iqproduct.com\/de\/#website"},"primaryImageOfPage":{"@id":"https:\/\/iqproduct.com\/de\/industrielle-loesungen\/#primaryimage"},"image":{"@id":"https:\/\/iqproduct.com\/de\/industrielle-loesungen\/#primaryimage"},"thumbnailUrl":"https:\/\/iqproduct.com\/wp-content\/uploads\/2023\/10\/DSC_7382-Kopirovat.jpg","datePublished":"2023-08-15T10:13:31+00:00","dateModified":"2026-02-04T12:30:42+00:00","description":"Industrielle Kennzeichnungsl\u00f6sungen f\u00fcr verschiedene Branchen. Ma\u00dfgeschneiderte Etiketten f\u00fcr Logistik, Lebensmittel, Automotive und Industrie.","breadcrumb":{"@id":"https:\/\/iqproduct.com\/de\/industrielle-loesungen\/#breadcrumb"},"inLanguage":"de","potentialAction":[{"@type":"ReadAction","target":["https:\/\/iqproduct.com\/de\/industrielle-loesungen\/"]}]},{"@type":"ImageObject","inLanguage":"de","@id":"https:\/\/iqproduct.com\/de\/industrielle-loesungen\/#primaryimage","url":"https:\/\/iqproduct.com\/wp-content\/uploads\/2023\/10\/DSC_7382-Kopirovat.jpg","contentUrl":"https:\/\/iqproduct.com\/wp-content\/uploads\/2023\/10\/DSC_7382-Kopirovat.jpg","width":1620,"height":1080},{"@type":"BreadcrumbList","@id":"https:\/\/iqproduct.com\/de\/industrielle-loesungen\/#breadcrumb","itemListElement":[{"@type":"ListItem","position":1,"name":"Domovsk\u00e1 str\u00e1nka","item":"https:\/\/iqproduct.com\/de\/"},{"@type":"ListItem","position":2,"name":"Industrielle L\u00f6sungen"}]},{"@type":"WebSite","@id":"https:\/\/iqproduct.com\/de\/#website","url":"https:\/\/iqproduct.com\/de\/","name":"IQProduct","description":"","publisher":{"@id":"https:\/\/iqproduct.com\/de\/#organization"},"potentialAction":[{"@type":"SearchAction","target":{"@type":"EntryPoint","urlTemplate":"https:\/\/iqproduct.com\/de\/?s={search_term_string}"},"query-input":{"@type":"PropertyValueSpecification","valueRequired":true,"valueName":"search_term_string"}}],"inLanguage":"de"},{"@type":"Organization","@id":"https:\/\/iqproduct.com\/de\/#organization","name":"IQ Product","url":"https:\/\/iqproduct.com\/de\/","logo":{"@type":"ImageObject","inLanguage":"de","@id":"https:\/\/iqproduct.com\/de\/#\/schema\/logo\/image\/","url":"https:\/\/iqproduct.com\/wp-content\/uploads\/2023\/08\/iq-label_logo.svg","contentUrl":"https:\/\/iqproduct.com\/wp-content\/uploads\/2023\/08\/iq-label_logo.svg","width":1,"height":1,"caption":"IQ Product"},"image":{"@id":"https:\/\/iqproduct.com\/de\/#\/schema\/logo\/image\/"}}]}},"_links":{"self":[{"href":"https:\/\/iqproduct.com\/de\/wp-json\/wp\/v2\/pages\/2242","targetHints":{"allow":["GET"]}}],"collection":[{"href":"https:\/\/iqproduct.com\/de\/wp-json\/wp\/v2\/pages"}],"about":[{"href":"https:\/\/iqproduct.com\/de\/wp-json\/wp\/v2\/types\/page"}],"author":[{"embeddable":true,"href":"https:\/\/iqproduct.com\/de\/wp-json\/wp\/v2\/users\/6"}],"replies":[{"embeddable":true,"href":"https:\/\/iqproduct.com\/de\/wp-json\/wp\/v2\/comments?post=2242"}],"version-history":[{"count":3,"href":"https:\/\/iqproduct.com\/de\/wp-json\/wp\/v2\/pages\/2242\/revisions"}],"predecessor-version":[{"id":2735,"href":"https:\/\/iqproduct.com\/de\/wp-json\/wp\/v2\/pages\/2242\/revisions\/2735"}],"wp:featuredmedia":[{"embeddable":true,"href":"https:\/\/iqproduct.com\/de\/wp-json\/wp\/v2\/media\/744"}],"wp:attachment":[{"href":"https:\/\/iqproduct.com\/de\/wp-json\/wp\/v2\/media?parent=2242"}],"curies":[{"name":"wp","href":"https:\/\/api.w.org\/{rel}","templated":true}]}}