{"id":2248,"date":"2024-02-08T19:37:15","date_gmt":"2024-02-08T18:37:15","guid":{"rendered":"https:\/\/iqproduct.com\/?page_id=2248"},"modified":"2024-02-08T19:37:15","modified_gmt":"2024-02-08T18:37:15","slug":"datenschutzerklaerung","status":"publish","type":"page","link":"https:\/\/iqproduct.com\/de\/datenschutzerklaerung\/","title":{"rendered":"Datenschutzerkl\u00e4rung"},"content":{"rendered":"<p>1. Grunds\u00e4tze der Verarbeitung personenbezogener Daten<br \/>\nDie Firma IQ PRODUCT s.r.o. mit Sitz in Dru\u017estevn\u00e1 549\/7, 922 10 Trebatice, ID 51 825 163 (im Folgenden &#8220;Verantwortlicher&#8221; genannt) im Sinne der Verordnung 2016\/679 DSGVO zum Schutz nat\u00fcrlicher Personen bei der Verarbeitung personenbezogener Daten und zum freien Datenverkehr (im Folgenden &#8220;Verordnung&#8221;) und des Gesetzes Nr. 18\/2018 Slg. \u00fcber den Schutz personenbezogener Daten und die \u00c4nderung bestimmter Gesetze (im Folgenden &#8220;Gesetz&#8221;) hat Sicherheitsma\u00dfnahmen entwickelt, die regelm\u00e4\u00dfig aktualisiert werden. Sie definieren den Umfang und die Art der erforderlichen Sicherheitsma\u00dfnahmen, um Bedrohungen und Risiken zu beseitigen und zu minimieren, die das Informationssystem beeintr\u00e4chtigen, um sicherzustellen:<br \/>\n&#8211; Verf\u00fcgbarkeit, Integrit\u00e4t und Zuverl\u00e4ssigkeit von Managementsystemen unter Verwendung modernster Informationstechnologien,<br \/>\n&#8211; Schutz personenbezogener Daten gegen Verlust, Besch\u00e4digung, Diebstahl, \u00c4nderung, Zerst\u00f6rung und Aufrechterhaltung ihrer Vertraulichkeit,<br \/>\n&#8211; Identifizierung und Verhinderung potenzieller Probleme und St\u00f6rungsquellen.<br \/>\nKontakt des Datenschutzbeauftragten (DSB): dpo@iosec.eu<\/p>\n<p>2. Datenschutzrichtlinie<br \/>\nIhre personenbezogenen Daten werden sicher gespeichert, gem\u00e4\u00df der Datenschutzrichtlinie und nur f\u00fcr die zur Erf\u00fcllung des Verarbeitungszwecks erforderliche Zeit. Der Zugang zu personenbezogenen Daten ist auf Personen beschr\u00e4nkt, die vom Verantwortlichen zur Verarbeitung personenbezogener Daten autorisiert sind und diese gem\u00e4\u00df den Anweisungen des Verantwortlichen verarbeiten. Ihre personenbezogenen Daten werden gem\u00e4\u00df den Aufbewahrungsregeln des Betreibers gesichert. In Backup-Repositories gespeicherte personenbezogene Daten dienen dazu, Sicherheitsvorf\u00e4lle zu verhindern, die insbesondere durch Sicherheitsverletzungen oder Sch\u00e4den an der Integrit\u00e4t der verarbeiteten Daten entstehen k\u00f6nnten.<\/p>\n<p>3. Definitionen<br \/>\n3.1. &#8216;personenbezogene Daten&#8217; bedeutet alle Informationen, die sich auf eine identifizierte oder identifizierbare nat\u00fcrliche Person (&#8216;betroffene Person&#8217;) beziehen; Eine identifizierbare nat\u00fcrliche Person ist eine Person, die direkt oder indirekt identifiziert werden kann, insbesondere durch Bezugnahme auf einen Identifikator wie einen Namen, eine Identifikationsnummer, Standortdaten, einen Online-Identifikator oder einen oder mehrere Faktoren, die spezifisch f\u00fcr die physische, physiologische, genetische, mentale, wirtschaftliche, kulturelle oder soziale Identit\u00e4t dieser nat\u00fcrlichen Person sind;<br \/>\n3.2. &#8216;Verarbeitung&#8217; bedeutet jede Operation oder jede Reihe von Operationen, die an personenbezogenen Daten oder an S\u00e4tzen von personenbezogenen Daten durchgef\u00fchrt werden, ob mit oder ohne automatisierte Mittel, wie Erhebung, Aufzeichnung, Organisation, Strukturierung, Speicherung, Anpassung oder Ver\u00e4nderung, Abruf, Abfrage, Verwendung, Offenlegung durch \u00dcbermittlung, Verbreitung oder anderweitige Bereitstellung, Ausrichtung oder Kombination, Einschr\u00e4nkung, L\u00f6schung oder Vernichtung<br \/>\n3.3. &#8216;Einschr\u00e4nkung der Verarbeitung&#8217; bedeutet die Markierung gespeicherter personenbezogener Daten mit dem Ziel, ihre k\u00fcnftige Verarbeitung einzuschr\u00e4nken;<br \/>\n3.4. &#8216;Profiling&#8217; bedeutet jede Form der automatisierten Verarbeitung personenbezogener Daten, bei der diese personenbezogenen Daten verwendet werden, um bestimmte pers\u00f6nliche Aspekte einer nat\u00fcrlichen Person zu bewerten, insbesondere um Aspekte bez\u00fcglich Arbeitsleistung, wirtschaftliche Lage, Gesundheit, pers\u00f6nliche Vorlieben, Interessen, Zuverl\u00e4ssigkeit, Verhalten, Standort oder Bewegungen dieser nat\u00fcrlichen Person zu analysieren oder vorherzusagen;<br \/>\n3.5. &#8216;Dateisystem&#8217; bedeutet jede strukturierte Sammlung personenbezogener Daten, die nach bestimmten Kriterien zug\u00e4nglich sind, unabh\u00e4ngig davon, ob diese zentralisiert, dezentralisiert oder auf funktioneller oder geografischer Basis verteilt sind;<br \/>\n3.6. &#8216;Verantwortlicher&#8217; bedeutet die nat\u00fcrliche oder juristische Person, die allein oder gemeinsam mit anderen \u00fcber die Zwecke und Mittel der Verarbeitung personenbezogener Daten entscheidet; Wenn die Zwecke und Mittel dieser Verarbeitung durch das Unionsrecht oder das Recht eines Mitgliedstaats vorgegeben sind, k\u00f6nnen der Verantwortliche oder die spezifischen Kriterien f\u00fcr seine Benennung nach dem Unionsrecht oder dem Recht eines Mitgliedstaats vorgesehen sein;<br \/>\n3.7. &#8216;Auftragsverarbeiter&#8217; bedeutet eine nat\u00fcrliche oder juristische Person, Beh\u00f6rde, Einrichtung oder eine andere Stelle, die personenbezogene Daten im Auftrag des Verantwortlichen verarbeitet;<br \/>\n3.8. &#8216;Dritter&#8217; bedeutet eine nat\u00fcrliche oder juristische Person, Beh\u00f6rde, Einrichtung oder eine andere Stelle au\u00dfer der betroffenen Person, dem Verantwortlichen, dem Auftragsverarbeiter und den Personen, die unter der unmittelbaren Autorit\u00e4t des Verantwortlichen oder des Auftragsverarbeiters befugt sind, personenbezogene Daten zu verarbeiten;<br \/>\n3.9. &#8216;die Einwilligung der betroffenen Person&#8217; bedeutet jede freiwillig abgegebene, spezifische, informierte und unmissverst\u00e4ndliche Erkl\u00e4rung ihres Willens, mit der sie durch eine Erkl\u00e4rung oder eine eindeutig positive Handlung der Verarbeitung sie betreffender personenbezogener Daten zustimmt;<br \/>\n3.10. &#8216;Verletzung des Schutzes personenbezogener Daten&#8217; bedeutet eine Verletzung der Sicherheit, die zur unbeabsichtigten oder unrechtm\u00e4\u00dfigen Zerst\u00f6rung, zum Verlust, zur \u00c4nderung, zur unbefugten Offenlegung oder zum unbefugten Zugang zu personenbezogenen Daten f\u00fchrt, die \u00fcbermittelt, gespeichert oder anderweitig verarbeitet wurden;<br \/>\n3.11. &#8216;relevanter und begr\u00fcndeter Einwand&#8217; bedeutet einen Einwand gegen einen Entwurf einer Entscheidung dar\u00fcber, ob eine Verletzung dieser Verordnung vorliegt oder ob eine geplante Ma\u00dfnahme im Zusammenhang mit einem Verantwortlichen oder einem Auftragsverarbeiter dieser Verordnung entspricht, der die Ernsthaftigkeit der durch den Entwurf einer Entscheidung verursachten Risiken f\u00fcr die Grundrechte und Freiheiten der betroffenen Personen und, falls zutreffend, f\u00fcr den freien Datenverkehr innerhalb der Union klar darlegt;<\/p>\n<p>4. Zwecke der Verarbeitung personenbezogener Daten<br \/>\n4.1. Bestellung von Waren\/Dienstleistungen \u2192 Kaufvertrag<br \/>\nWir verarbeiten die personenbezogenen Daten, die wir \u00fcber unsere Kunden verarbeiten, auf der Grundlage eines Vertrags im Sinne von Artikel 6 Absatz 1 Buchstabe b der Verordnung. Umfang der verarbeiteten personenbezogenen Daten: Anrede, Vorname, Nachname, Wohnadresse, Lieferadresse, Telefonnummer und E-Mail. Anschlie\u00dfend werden sie gem\u00e4\u00df dem Gesetz Nr. 395\/2002 Slg. \u00fcber Archive und Register gespeichert.<br \/>\n4.2. Direktmarketing<br \/>\nWir verarbeiten personenbezogene Daten, die wir \u00fcber unsere Kunden zu Marketingzwecken verarbeiten, auf der Grundlage des berechtigten Interesses des Verantwortlichen im Sinne von Artikel 6 Absatz 1 Buchstabe f der Verordnung. Umfang der verarbeiteten personenbezogenen Daten: Anrede, Vorname, Nachname, Berufsbezeichnung, Arbeitsplatz, Telefonnummer und E-Mail-Adresse. Anschlie\u00dfend werden sie f\u00fcr die Dauer des Vertrags zwischen dem Betreiber und dem Kunden gespeichert.<br \/>\n4.3. Newsletter<br \/>\nWenn Sie m\u00f6chten, k\u00f6nnen Sie unseren Newsletter abonnieren, der auf unserer Website https:\/\/www.agfoil.eu\/ zu finden ist. Personenbezogene Daten (E-Mail, Name) werden nur f\u00fcr das Senden von Newsletter-Nachrichten an die von Ihnen eingegebene E-Mail-Adresse verarbeitet. Durch die Anmeldung zum Newsletter stimmen Sie der Verarbeitung personenbezogener Daten zu. Wir verarbeiten personenbezogene Daten gem\u00e4\u00df Artikel 6 Absatz 1 Buchstabe a der Verordnung. Ihre E-Mail-Adresse wird so lange verarbeitet, bis Sie sich abmelden. Sie k\u00f6nnen sich abmelden, indem Sie auf den &#8220;Abmelden&#8221;-Link klicken, der in jeder Newsletter-Nachricht, die Sie von uns erhalten, oder auf unserer Website \u00fcber den Link: https:\/\/www.agfoil.eu\/newsletter\/delete bereitgestellt wird. Nach der Abmeldung erhalten Sie keine Newsletter-Nachrichten mehr.<br \/>\n4.4. Verarbeitung von Buchhaltungsdokumenten<br \/>\nDie Verarbeitung ist erforderlich zur Erf\u00fcllung der gesetzlichen Verpflichtung des Verantwortlichen nach Artikel 6 Absatz 1 Buchstabe c der Verordnung. Umfang der verarbeiteten personenbezogenen Daten: Anrede, Vorname, Nachname, Adresse, Kontonummer, Unterschrift. Anschlie\u00dfend werden sie gem\u00e4\u00df dem Gesetz Nr. 395\/2002 Slg. \u00fcber Archive und Register gespeichert.<br \/>\n4.5. Reklamation<br \/>\nIm Falle von Reklamationen werden personenbezogene Daten gem\u00e4\u00df Artikel 6 Absatz 1 Buchstabe c der Verordnung verarbeitet. Umfang der verarbeiteten personenbezogenen Daten: Anrede, Vorname, Nachname, Adresse, Telefon, E-Mail. Anschlie\u00dfend werden sie gem\u00e4\u00df dem Gesetz Nr. 395\/2002 Slg. \u00fcber Archive und Register gespeichert.<br \/>\n4.6. Schulden<br \/>\nIm Falle der Inkassobearbeitung werden personenbezogene Daten gem\u00e4\u00df Artikel 6 Absatz 1 Buchstabe c der Verordnung verarbeitet. Umfang der verarbeiteten personenbezogenen Daten: Anrede, Vorname, Nachname, Adresse, Telefon, E-Mail. Anschlie\u00dfend werden sie gem\u00e4\u00df dem Gesetz Nr. 395\/2002 Slg. \u00fcber Archive und Register gespeichert.<br \/>\n4.7. Vollstreckung<br \/>\nDie Verarbeitung personenbezogener Daten ist erforderlich zur Erf\u00fcllung der gesetzlichen Verpflichtung des Verantwortlichen nach Artikel 6 Absatz 1 Buchstabe c der Verordnung. Umfang der verarbeiteten personenbezogenen Daten: Anrede, Vorname, Nachname, Geburtsnummer, Adresse,. Anschlie\u00dfend werden sie gem\u00e4\u00df dem Gesetz Nr. 395\/2002 Slg. \u00fcber Archive und Register gespeichert.<br \/>\n4.8. \u00dcberwachung der R\u00e4umlichkeiten zum Schutz des Eigentums<br \/>\nAuf unserem Gel\u00e4nde befindet sich ein Kamerasystem, das die \u00e4u\u00dferen und inneren R\u00e4umlichkeiten des Betreibers zur Sicherung des Eigentums gem\u00e4\u00df dem berechtigten Interesse des Betreibers gem\u00e4\u00df Artikel 6 Absatz 1 Buchstabe f der Verordnung \u00fcberwacht. Aufnahmen aus dem Kamerasystem werden nicht an Dritte weitergegeben. Sie stehen nur autorisierten Personen des Betreibers und IT-Spezialisten zur Verf\u00fcgung, die Wartungsarbeiten durchf\u00fchren. Personenbezogene Daten, die durch das Kamerasystem erfasst werden, werden zum Schutz des Eigentums und zur Beweissicherung in Verwaltungsverfahren verwendet, falls personenbezogene Daten, die durch das Kamerasystem erfasst wurden, als Beweismittel in laufenden Verwaltungsverfahren verwendet werden. Wenn die aufgezeichnete Aufzeichnung nicht f\u00fcr Zwecke des Straf- oder Ordnungswidrigkeitsverfahrens verwendet wird, wird die Aufzeichnung automatisch durch Programmaktion innerhalb von 5 Tagen nach dem auf die Aufzeichnung folgenden Tag zerst\u00f6rt.<br \/>\n4.9. Aufzeichnungen von Vertretern von Lieferanten und Kunden<br \/>\nDie Verarbeitung personenbezogener Daten von Lieferanten- und Kundenvertretern erfolgt im Rahmen der berechtigten Interessen des Verantwortlichen gem\u00e4\u00df Artikel 6 Absatz 1 Buchstabe f der Verordnung. Umfang der verarbeiteten personenbezogenen Daten: Anrede, Vorname, Nachname, Berufsbezeichnung, Dienstklassifizierung, Funktionsklassifizierung, pers\u00f6nliche Nummer des Mitarbeiters, Fachabteilung, Arbeitsplatz, Telefonnummer, Faxnummer, E-Mail-Adresse am Arbeitsplatz und Identifikationsdaten des Arbeitgebers. Anschlie\u00dfend werden sie gem\u00e4\u00df dem Gesetz Nr. 395\/2002 Slg. \u00fcber Archive und Register gespeichert.<br \/>\n4.10. Registrierung von Arbeitssuchenden<br \/>\nDie Verarbeitung personenbezogener Daten von Arbeitssuchenden erfolgt auf der Grundlage einer &#8220;Einwilligung&#8221; zur Verarbeitung personenbezogener Daten gem\u00e4\u00df Artikel 6 Absatz 1 Buchstabe a der Verordnung, die vom Bewerber erteilt wird. Der Betreiber wird nur erfolgreiche Bewerber kontaktieren.<\/p>\n<p>Es erfolgt keine \u00dcbertragung personenbezogener Daten in ein Drittland. Personenbezogene Daten werden nicht f\u00fcr automatisierte Einzelentscheidungen, einschlie\u00dflich Profilerstellung, verwendet.<\/p>\n<p>Personenbezogene Daten werden f\u00fcr einen Zeitraum von 12 Monaten ab Erteilung der Einwilligung gespeichert. Sie haben das Recht, Ihre Einwilligung zur Verarbeitung personenbezogener Daten jederzeit vor Ablauf dieser Frist zu widerrufen, indem Sie eine Anfrage an die E-Mail-Adresse: profesia@agfoil.com oder durch Zusendung einer Anfrage an die Adresse des Betreibers mit dem Text &#8220;GDPR Widerruf der Einwilligung&#8221; auf dem Umschlag senden. Der Betreiber erkl\u00e4rt, dass im Falle einer schriftlichen Anfrage der betroffenen Person zur Beendigung der Verarbeitung personenbezogener Daten vor Ablauf des angegebenen Zeitraums diese innerhalb von 30 Tagen nach Erhalt des Widerrufs der Einwilligung gel\u00f6scht werden.<\/p>\n<p>5. Rechte der betroffenen Person<br \/>\n5.1. Recht auf Widerruf der Einwilligung &#8211; in den F\u00e4llen, in denen wir Ihre personenbezogenen Daten aufgrund Ihrer Einwilligung verarbeiten, haben<\/p>\n<p>Sie das Recht, diese Einwilligung jederzeit zu widerrufen. Sie k\u00f6nnen Ihre Einwilligung elektronisch, an die Adresse der verantwortlichen Person, schriftlich, durch Mitteilung des Widerrufs der Einwilligung oder pers\u00f6nlich am Sitz unseres Unternehmens widerrufen. Der Widerruf der Einwilligung ber\u00fchrt nicht die Rechtm\u00e4\u00dfigkeit der Verarbeitung personenbezogener Daten, die wir \u00fcber Sie auf ihrer Grundlage verarbeitet haben.<br \/>\n5.2. Recht auf Zugang &#8211; Sie haben das Recht, eine Kopie der personenbezogenen Daten, die wir \u00fcber Sie haben, sowie Informationen dar\u00fcber, wie wir Ihre personenbezogenen Daten verwenden, zu erhalten. In den meisten F\u00e4llen werden Ihnen Ihre personenbezogenen Daten schriftlich in Papierform zur Verf\u00fcgung gestellt, es sei denn, Sie fordern eine andere Bereitstellungsweise an. Wenn Sie diese Informationen auf elektronischem Wege angefordert haben, werden sie Ihnen elektronisch zur Verf\u00fcgung gestellt, sofern dies technisch m\u00f6glich ist.<br \/>\n5.3. Recht auf Berichtigung &#8211; Wir ergreifen angemessene Ma\u00dfnahmen, um sicherzustellen, dass die Informationen, die wir \u00fcber Sie haben, korrekt, vollst\u00e4ndig und aktuell sind. Wenn Sie der Meinung sind, dass die von uns gespeicherten Daten ungenau, unvollst\u00e4ndig oder veraltet sind, z\u00f6gern Sie bitte nicht, uns zu bitten, diese Informationen zu \u00e4ndern, zu aktualisieren oder zu erg\u00e4nzen.<br \/>\n5.4. Recht auf L\u00f6schung (Vergessenwerden) &#8211; Sie haben das Recht, uns aufzufordern, Ihre personenbezogenen Daten zu l\u00f6schen, wenn beispielsweise die von uns \u00fcber Sie erhobenen personenbezogenen Daten nicht mehr zur Erf\u00fcllung des urspr\u00fcnglichen Verarbeitungszwecks erforderlich sind. Ihr Recht muss jedoch in Anbetracht aller relevanten Umst\u00e4nde bewertet werden. Zum Beispiel k\u00f6nnen wir bestimmte rechtliche und regulatorische Verpflichtungen haben, was bedeutet, dass wir Ihrer Anfrage nicht entsprechen k\u00f6nnen.<br \/>\n5.5. Recht auf Einschr\u00e4nkung der Verarbeitung &#8211; unter bestimmten Umst\u00e4nden haben Sie das Recht, uns zu bitten, die Verwendung Ihrer personenbezogenen Daten einzustellen. Zum Beispiel, wenn Sie der Meinung sind, dass die personenbezogenen Daten, die wir \u00fcber Sie haben, ungenau sind, oder wenn Sie der Meinung sind, dass wir Ihre personenbezogenen Daten nicht mehr verwenden m\u00fcssen.<br \/>\n5.6. Recht auf Daten\u00fcbertragbarkeit &#8211; unter bestimmten Umst\u00e4nden haben Sie das Recht, uns zu bitten, die von Ihnen bereitgestellten personenbezogenen Daten an einen anderen von Ihnen gew\u00e4hlten Dritten zu \u00fcbertragen. Das Recht auf Daten\u00fcbertragbarkeit gilt jedoch nur f\u00fcr personenbezogene Daten, die wir auf der Grundlage Ihrer Einwilligung oder im Rahmen eines Vertrags, an dem Sie eine der Parteien sind, von Ihnen erhalten haben.<br \/>\n5.7. Widerspruchsrecht &#8211; Sie haben das Recht, der Verarbeitung Ihrer Daten zu widersprechen, die auf unseren berechtigten Interessen beruht. Wenn wir keinen \u00fcberzeugenden berechtigten Grund f\u00fcr die Verarbeitung haben und Sie widersprechen, werden wir Ihre personenbezogenen Daten nicht mehr verarbeiten.<\/p>\n<p>Wenn Sie der Meinung sind, dass die von uns \u00fcber Sie gespeicherten personenbezogenen Daten unrichtig oder unvollst\u00e4ndig sind, setzen Sie sich bitte mit uns in Verbindung.<br \/>\nWenn Sie Einw\u00e4nde gegen die Art und Weise haben, wie wir Ihre personenbezogenen Daten verarbeiten, setzen Sie sich bitte mit unserem Datenschutzbeauftragten per E-Mail an: dpo@iosec.eu oder schriftlich an: IQ PRODUCT s.r.o., Cooperative 549\/7, 922 10 Trebatice, in Verbindung. Unser Datenschutzbeauftragter wird Ihren Einwand pr\u00fcfen und mit Ihnen zusammenarbeiten, um die Angelegenheit zu kl\u00e4ren.<br \/>\nWenn Sie der Ansicht sind, dass Ihre personenbezogenen Daten unfair oder rechtswidrig verarbeitet werden, k\u00f6nnen Sie eine Beschwerde bei der Aufsichtsbeh\u00f6rde einreichen, dem Amt f\u00fcr den Schutz personenbezogener Daten der Slowakischen Republik, Hrani\u010dn\u00e1 12, 820 07 Bratislava 27; Tel. Nummer: +421 \/ 2\/ 3231 3214; E-Mail: statny.dozor@pdp.gov.sk, https:\/\/dataprotection.gov.sk.<br \/>\nStand: 15.01.2021<\/p>\n","protected":false},"excerpt":{"rendered":"<p>1. Grunds\u00e4tze der Verarbeitung personenbezogener Daten Die Firma IQ PRODUCT s.r.o. mit Sitz in Dru\u017estevn\u00e1 549\/7, 922 10 Trebatice, ID 51 825 163 (im Folgenden &#8220;Verantwortlicher&#8221; genannt) im Sinne der Verordnung 2016\/679 DSGVO zum Schutz nat\u00fcrlicher Personen bei der Verarbeitung personenbezogener Daten und zum freien Datenverkehr (im Folgenden &#8220;Verordnung&#8221;) und des Gesetzes Nr. 18\/2018 Slg. [&hellip;]<\/p>\n","protected":false},"author":6,"featured_media":0,"parent":0,"menu_order":0,"comment_status":"closed","ping_status":"open","template":"","meta":{"_acf_changed":false,"footnotes":""},"class_list":["post-2248","page","type-page","status-publish","hentry"],"acf":[],"yoast_head":"<!-- This site is optimized with the Yoast SEO plugin v27.0 - https:\/\/yoast.com\/product\/yoast-seo-wordpress\/ -->\n<title>Datenschutzerkl\u00e4rung - IQProduct<\/title>\n<meta name=\"robots\" content=\"index, follow, max-snippet:-1, max-image-preview:large, max-video-preview:-1\" \/>\n<link rel=\"canonical\" href=\"https:\/\/iqproduct.com\/de\/datenschutzerklaerung\/\" \/>\n<meta property=\"og:locale\" content=\"de_DE\" \/>\n<meta property=\"og:type\" content=\"article\" \/>\n<meta property=\"og:title\" content=\"Datenschutzerkl\u00e4rung - IQProduct\" \/>\n<meta property=\"og:description\" content=\"1. Grunds\u00e4tze der Verarbeitung personenbezogener Daten Die Firma IQ PRODUCT s.r.o. mit Sitz in Dru\u017estevn\u00e1 549\/7, 922 10 Trebatice, ID 51 825 163 (im Folgenden &#8220;Verantwortlicher&#8221; genannt) im Sinne der Verordnung 2016\/679 DSGVO zum Schutz nat\u00fcrlicher Personen bei der Verarbeitung personenbezogener Daten und zum freien Datenverkehr (im Folgenden &#8220;Verordnung&#8221;) und des Gesetzes Nr. 18\/2018 Slg. [&hellip;]\" \/>\n<meta property=\"og:url\" content=\"https:\/\/iqproduct.com\/de\/datenschutzerklaerung\/\" \/>\n<meta property=\"og:site_name\" content=\"IQProduct\" \/>\n<meta name=\"twitter:card\" content=\"summary_large_image\" \/>\n<meta name=\"twitter:label1\" content=\"Gesch\u00e4tzte Lesezeit\" \/>\n\t<meta name=\"twitter:data1\" content=\"11\u00a0Minuten\" \/>\n<script type=\"application\/ld+json\" class=\"yoast-schema-graph\">{\"@context\":\"https:\/\/schema.org\",\"@graph\":[{\"@type\":\"WebPage\",\"@id\":\"https:\/\/iqproduct.com\/de\/datenschutzerklaerung\/\",\"url\":\"https:\/\/iqproduct.com\/de\/datenschutzerklaerung\/\",\"name\":\"Datenschutzerkl\u00e4rung - IQProduct\",\"isPartOf\":{\"@id\":\"https:\/\/iqproduct.com\/de\/#website\"},\"datePublished\":\"2024-02-08T18:37:15+00:00\",\"breadcrumb\":{\"@id\":\"https:\/\/iqproduct.com\/de\/datenschutzerklaerung\/#breadcrumb\"},\"inLanguage\":\"de\",\"potentialAction\":[{\"@type\":\"ReadAction\",\"target\":[\"https:\/\/iqproduct.com\/de\/datenschutzerklaerung\/\"]}]},{\"@type\":\"BreadcrumbList\",\"@id\":\"https:\/\/iqproduct.com\/de\/datenschutzerklaerung\/#breadcrumb\",\"itemListElement\":[{\"@type\":\"ListItem\",\"position\":1,\"name\":\"Domovsk\u00e1 str\u00e1nka\",\"item\":\"https:\/\/iqproduct.com\/de\/\"},{\"@type\":\"ListItem\",\"position\":2,\"name\":\"Datenschutzerkl\u00e4rung\"}]},{\"@type\":\"WebSite\",\"@id\":\"https:\/\/iqproduct.com\/de\/#website\",\"url\":\"https:\/\/iqproduct.com\/de\/\",\"name\":\"IQProduct\",\"description\":\"\",\"publisher\":{\"@id\":\"https:\/\/iqproduct.com\/de\/#organization\"},\"potentialAction\":[{\"@type\":\"SearchAction\",\"target\":{\"@type\":\"EntryPoint\",\"urlTemplate\":\"https:\/\/iqproduct.com\/de\/?s={search_term_string}\"},\"query-input\":{\"@type\":\"PropertyValueSpecification\",\"valueRequired\":true,\"valueName\":\"search_term_string\"}}],\"inLanguage\":\"de\"},{\"@type\":\"Organization\",\"@id\":\"https:\/\/iqproduct.com\/de\/#organization\",\"name\":\"IQ Product\",\"url\":\"https:\/\/iqproduct.com\/de\/\",\"logo\":{\"@type\":\"ImageObject\",\"inLanguage\":\"de\",\"@id\":\"https:\/\/iqproduct.com\/de\/#\/schema\/logo\/image\/\",\"url\":\"https:\/\/iqproduct.com\/wp-content\/uploads\/2023\/08\/iq-label_logo.svg\",\"contentUrl\":\"https:\/\/iqproduct.com\/wp-content\/uploads\/2023\/08\/iq-label_logo.svg\",\"width\":1,\"height\":1,\"caption\":\"IQ Product\"},\"image\":{\"@id\":\"https:\/\/iqproduct.com\/de\/#\/schema\/logo\/image\/\"}}]}<\/script>\n<!-- \/ Yoast SEO plugin. -->","yoast_head_json":{"title":"Datenschutzerkl\u00e4rung - IQProduct","robots":{"index":"index","follow":"follow","max-snippet":"max-snippet:-1","max-image-preview":"max-image-preview:large","max-video-preview":"max-video-preview:-1"},"canonical":"https:\/\/iqproduct.com\/de\/datenschutzerklaerung\/","og_locale":"de_DE","og_type":"article","og_title":"Datenschutzerkl\u00e4rung - IQProduct","og_description":"1. Grunds\u00e4tze der Verarbeitung personenbezogener Daten Die Firma IQ PRODUCT s.r.o. mit Sitz in Dru\u017estevn\u00e1 549\/7, 922 10 Trebatice, ID 51 825 163 (im Folgenden &#8220;Verantwortlicher&#8221; genannt) im Sinne der Verordnung 2016\/679 DSGVO zum Schutz nat\u00fcrlicher Personen bei der Verarbeitung personenbezogener Daten und zum freien Datenverkehr (im Folgenden &#8220;Verordnung&#8221;) und des Gesetzes Nr. 18\/2018 Slg. [&hellip;]","og_url":"https:\/\/iqproduct.com\/de\/datenschutzerklaerung\/","og_site_name":"IQProduct","twitter_card":"summary_large_image","twitter_misc":{"Gesch\u00e4tzte Lesezeit":"11\u00a0Minuten"},"schema":{"@context":"https:\/\/schema.org","@graph":[{"@type":"WebPage","@id":"https:\/\/iqproduct.com\/de\/datenschutzerklaerung\/","url":"https:\/\/iqproduct.com\/de\/datenschutzerklaerung\/","name":"Datenschutzerkl\u00e4rung - IQProduct","isPartOf":{"@id":"https:\/\/iqproduct.com\/de\/#website"},"datePublished":"2024-02-08T18:37:15+00:00","breadcrumb":{"@id":"https:\/\/iqproduct.com\/de\/datenschutzerklaerung\/#breadcrumb"},"inLanguage":"de","potentialAction":[{"@type":"ReadAction","target":["https:\/\/iqproduct.com\/de\/datenschutzerklaerung\/"]}]},{"@type":"BreadcrumbList","@id":"https:\/\/iqproduct.com\/de\/datenschutzerklaerung\/#breadcrumb","itemListElement":[{"@type":"ListItem","position":1,"name":"Domovsk\u00e1 str\u00e1nka","item":"https:\/\/iqproduct.com\/de\/"},{"@type":"ListItem","position":2,"name":"Datenschutzerkl\u00e4rung"}]},{"@type":"WebSite","@id":"https:\/\/iqproduct.com\/de\/#website","url":"https:\/\/iqproduct.com\/de\/","name":"IQProduct","description":"","publisher":{"@id":"https:\/\/iqproduct.com\/de\/#organization"},"potentialAction":[{"@type":"SearchAction","target":{"@type":"EntryPoint","urlTemplate":"https:\/\/iqproduct.com\/de\/?s={search_term_string}"},"query-input":{"@type":"PropertyValueSpecification","valueRequired":true,"valueName":"search_term_string"}}],"inLanguage":"de"},{"@type":"Organization","@id":"https:\/\/iqproduct.com\/de\/#organization","name":"IQ Product","url":"https:\/\/iqproduct.com\/de\/","logo":{"@type":"ImageObject","inLanguage":"de","@id":"https:\/\/iqproduct.com\/de\/#\/schema\/logo\/image\/","url":"https:\/\/iqproduct.com\/wp-content\/uploads\/2023\/08\/iq-label_logo.svg","contentUrl":"https:\/\/iqproduct.com\/wp-content\/uploads\/2023\/08\/iq-label_logo.svg","width":1,"height":1,"caption":"IQ Product"},"image":{"@id":"https:\/\/iqproduct.com\/de\/#\/schema\/logo\/image\/"}}]}},"_links":{"self":[{"href":"https:\/\/iqproduct.com\/de\/wp-json\/wp\/v2\/pages\/2248","targetHints":{"allow":["GET"]}}],"collection":[{"href":"https:\/\/iqproduct.com\/de\/wp-json\/wp\/v2\/pages"}],"about":[{"href":"https:\/\/iqproduct.com\/de\/wp-json\/wp\/v2\/types\/page"}],"author":[{"embeddable":true,"href":"https:\/\/iqproduct.com\/de\/wp-json\/wp\/v2\/users\/6"}],"replies":[{"embeddable":true,"href":"https:\/\/iqproduct.com\/de\/wp-json\/wp\/v2\/comments?post=2248"}],"version-history":[{"count":1,"href":"https:\/\/iqproduct.com\/de\/wp-json\/wp\/v2\/pages\/2248\/revisions"}],"predecessor-version":[{"id":2249,"href":"https:\/\/iqproduct.com\/de\/wp-json\/wp\/v2\/pages\/2248\/revisions\/2249"}],"wp:attachment":[{"href":"https:\/\/iqproduct.com\/de\/wp-json\/wp\/v2\/media?parent=2248"}],"curies":[{"name":"wp","href":"https:\/\/api.w.org\/{rel}","templated":true}]}}