{"id":1689,"date":"2023-09-04T15:51:35","date_gmt":"2023-09-04T13:51:35","guid":{"rendered":"https:\/\/iqproduct.com\/domov-magyar\/"},"modified":"2026-03-06T13:36:20","modified_gmt":"2026-03-06T12:36:20","slug":"domov-magyar","status":"publish","type":"page","link":"https:\/\/iqproduct.com\/hu\/","title":{"rendered":"Domov &#8211; Magyar"},"content":{"rendered":"","protected":false},"excerpt":{"rendered":"","protected":false},"author":5,"featured_media":0,"parent":0,"menu_order":0,"comment_status":"closed","ping_status":"closed","template":"front-page.php","meta":{"_acf_changed":false,"footnotes":""},"class_list":["post-1689","page","type-page","status-publish","hentry"],"acf":[],"yoast_head":"<!-- This site is optimized with the Yoast SEO plugin v27.0 - https:\/\/yoast.com\/product\/yoast-seo-wordpress\/ -->\n<title>C\u00edmkegy\u00e1rt\u00e1s \u00e9s ipari c\u00edmk\u00e9k | IQ PRODUCT<\/title>\n<meta name=\"description\" content=\"Ipari c\u00edmkegy\u00e1rt\u00e1s \u00e9s \u00f6ntapad\u00f3 c\u00edmk\u00e9k gy\u00e1rt\u00e1sa t\u00f6bb mint 30 \u00e9v tapasztalattal. IQ PRODUCT \u2013 megb\u00edzhat\u00f3 megold\u00e1sok.\" \/>\n<meta name=\"robots\" content=\"index, follow, max-snippet:-1, max-image-preview:large, max-video-preview:-1\" \/>\n<link rel=\"canonical\" href=\"https:\/\/iqproduct.com\/hu\/\" \/>\n<meta property=\"og:locale\" content=\"hu_HU\" \/>\n<meta property=\"og:type\" content=\"article\" \/>\n<meta property=\"og:title\" content=\"C\u00edmkegy\u00e1rt\u00e1s ipari megold\u00e1sokkal | IQ PRODUCT\" \/>\n<meta property=\"og:description\" content=\"Amit gy\u00e1rtasz, azt mi megjel\u00f6lj\u00fck. Ipari c\u00edmk\u00e9k \u00e9s \u00f6ntapad\u00f3 c\u00edmk\u00e9k gy\u00e1rt\u00e1sa az IQ PRODUCT-t\u00f3l.\" \/>\n<meta property=\"og:url\" content=\"https:\/\/iqproduct.com\/hu\/\" \/>\n<meta property=\"og:site_name\" content=\"IQProduct\" \/>\n<meta property=\"article:modified_time\" content=\"2026-03-06T12:36:20+00:00\" \/>\n<meta property=\"og:image\" content=\"https:\/\/iqproduct.com\/wp-content\/uploads\/2026\/02\/HP_hu.webp\" \/>\n\t<meta property=\"og:image:width\" content=\"1200\" \/>\n\t<meta property=\"og:image:height\" content=\"628\" \/>\n\t<meta property=\"og:image:type\" content=\"image\/webp\" \/>\n<meta name=\"twitter:card\" content=\"summary_large_image\" \/>\n<script type=\"application\/ld+json\" class=\"yoast-schema-graph\">{\"@context\":\"https:\/\/schema.org\",\"@graph\":[{\"@type\":\"WebPage\",\"@id\":\"https:\/\/iqproduct.com\/hu\/\",\"url\":\"https:\/\/iqproduct.com\/hu\/\",\"name\":\"C\u00edmkegy\u00e1rt\u00e1s \u00e9s ipari c\u00edmk\u00e9k | IQ PRODUCT\",\"isPartOf\":{\"@id\":\"https:\/\/iqproduct.com\/hu\/#website\"},\"datePublished\":\"2023-09-04T13:51:35+00:00\",\"dateModified\":\"2026-03-06T12:36:20+00:00\",\"description\":\"Ipari c\u00edmkegy\u00e1rt\u00e1s \u00e9s \u00f6ntapad\u00f3 c\u00edmk\u00e9k gy\u00e1rt\u00e1sa t\u00f6bb mint 30 \u00e9v tapasztalattal. IQ PRODUCT \u2013 megb\u00edzhat\u00f3 megold\u00e1sok.\",\"breadcrumb\":{\"@id\":\"https:\/\/iqproduct.com\/hu\/#breadcrumb\"},\"inLanguage\":\"hu\",\"potentialAction\":[{\"@type\":\"ReadAction\",\"target\":[\"https:\/\/iqproduct.com\/hu\/\"]}]},{\"@type\":\"BreadcrumbList\",\"@id\":\"https:\/\/iqproduct.com\/hu\/#breadcrumb\",\"itemListElement\":[{\"@type\":\"ListItem\",\"position\":1,\"name\":\"Domovsk\u00e1 str\u00e1nka\",\"item\":\"https:\/\/iqproduct.com\/hu\/\"},{\"@type\":\"ListItem\",\"position\":2,\"name\":\"Domov &#8211; Magyar\"}]},{\"@type\":\"WebSite\",\"@id\":\"https:\/\/iqproduct.com\/hu\/#website\",\"url\":\"https:\/\/iqproduct.com\/hu\/\",\"name\":\"IQProduct\",\"description\":\"\",\"publisher\":{\"@id\":\"https:\/\/iqproduct.com\/hu\/#organization\"},\"potentialAction\":[{\"@type\":\"SearchAction\",\"target\":{\"@type\":\"EntryPoint\",\"urlTemplate\":\"https:\/\/iqproduct.com\/hu\/?s={search_term_string}\"},\"query-input\":{\"@type\":\"PropertyValueSpecification\",\"valueRequired\":true,\"valueName\":\"search_term_string\"}}],\"inLanguage\":\"hu\"},{\"@type\":\"Organization\",\"@id\":\"https:\/\/iqproduct.com\/hu\/#organization\",\"name\":\"IQ Product\",\"url\":\"https:\/\/iqproduct.com\/hu\/\",\"logo\":{\"@type\":\"ImageObject\",\"inLanguage\":\"hu\",\"@id\":\"https:\/\/iqproduct.com\/hu\/#\/schema\/logo\/image\/\",\"url\":\"https:\/\/iqproduct.com\/wp-content\/uploads\/2023\/08\/iq-label_logo.svg\",\"contentUrl\":\"https:\/\/iqproduct.com\/wp-content\/uploads\/2023\/08\/iq-label_logo.svg\",\"width\":1,\"height\":1,\"caption\":\"IQ Product\"},\"image\":{\"@id\":\"https:\/\/iqproduct.com\/hu\/#\/schema\/logo\/image\/\"}}]}<\/script>\n<!-- \/ Yoast SEO plugin. -->","yoast_head_json":{"title":"C\u00edmkegy\u00e1rt\u00e1s \u00e9s ipari c\u00edmk\u00e9k | IQ PRODUCT","description":"Ipari c\u00edmkegy\u00e1rt\u00e1s \u00e9s \u00f6ntapad\u00f3 c\u00edmk\u00e9k gy\u00e1rt\u00e1sa t\u00f6bb mint 30 \u00e9v tapasztalattal. IQ PRODUCT \u2013 megb\u00edzhat\u00f3 megold\u00e1sok.","robots":{"index":"index","follow":"follow","max-snippet":"max-snippet:-1","max-image-preview":"max-image-preview:large","max-video-preview":"max-video-preview:-1"},"canonical":"https:\/\/iqproduct.com\/hu\/","og_locale":"hu_HU","og_type":"article","og_title":"C\u00edmkegy\u00e1rt\u00e1s ipari megold\u00e1sokkal | IQ PRODUCT","og_description":"Amit gy\u00e1rtasz, azt mi megjel\u00f6lj\u00fck. Ipari c\u00edmk\u00e9k \u00e9s \u00f6ntapad\u00f3 c\u00edmk\u00e9k gy\u00e1rt\u00e1sa az IQ PRODUCT-t\u00f3l.","og_url":"https:\/\/iqproduct.com\/hu\/","og_site_name":"IQProduct","article_modified_time":"2026-03-06T12:36:20+00:00","og_image":[{"width":1200,"height":628,"url":"https:\/\/iqproduct.com\/wp-content\/uploads\/2026\/02\/HP_hu.webp","type":"image\/webp"}],"twitter_card":"summary_large_image","schema":{"@context":"https:\/\/schema.org","@graph":[{"@type":"WebPage","@id":"https:\/\/iqproduct.com\/hu\/","url":"https:\/\/iqproduct.com\/hu\/","name":"C\u00edmkegy\u00e1rt\u00e1s \u00e9s ipari c\u00edmk\u00e9k | IQ PRODUCT","isPartOf":{"@id":"https:\/\/iqproduct.com\/hu\/#website"},"datePublished":"2023-09-04T13:51:35+00:00","dateModified":"2026-03-06T12:36:20+00:00","description":"Ipari c\u00edmkegy\u00e1rt\u00e1s \u00e9s \u00f6ntapad\u00f3 c\u00edmk\u00e9k gy\u00e1rt\u00e1sa t\u00f6bb mint 30 \u00e9v tapasztalattal. IQ PRODUCT \u2013 megb\u00edzhat\u00f3 megold\u00e1sok.","breadcrumb":{"@id":"https:\/\/iqproduct.com\/hu\/#breadcrumb"},"inLanguage":"hu","potentialAction":[{"@type":"ReadAction","target":["https:\/\/iqproduct.com\/hu\/"]}]},{"@type":"BreadcrumbList","@id":"https:\/\/iqproduct.com\/hu\/#breadcrumb","itemListElement":[{"@type":"ListItem","position":1,"name":"Domovsk\u00e1 str\u00e1nka","item":"https:\/\/iqproduct.com\/hu\/"},{"@type":"ListItem","position":2,"name":"Domov &#8211; Magyar"}]},{"@type":"WebSite","@id":"https:\/\/iqproduct.com\/hu\/#website","url":"https:\/\/iqproduct.com\/hu\/","name":"IQProduct","description":"","publisher":{"@id":"https:\/\/iqproduct.com\/hu\/#organization"},"potentialAction":[{"@type":"SearchAction","target":{"@type":"EntryPoint","urlTemplate":"https:\/\/iqproduct.com\/hu\/?s={search_term_string}"},"query-input":{"@type":"PropertyValueSpecification","valueRequired":true,"valueName":"search_term_string"}}],"inLanguage":"hu"},{"@type":"Organization","@id":"https:\/\/iqproduct.com\/hu\/#organization","name":"IQ Product","url":"https:\/\/iqproduct.com\/hu\/","logo":{"@type":"ImageObject","inLanguage":"hu","@id":"https:\/\/iqproduct.com\/hu\/#\/schema\/logo\/image\/","url":"https:\/\/iqproduct.com\/wp-content\/uploads\/2023\/08\/iq-label_logo.svg","contentUrl":"https:\/\/iqproduct.com\/wp-content\/uploads\/2023\/08\/iq-label_logo.svg","width":1,"height":1,"caption":"IQ Product"},"image":{"@id":"https:\/\/iqproduct.com\/hu\/#\/schema\/logo\/image\/"}}]}},"_links":{"self":[{"href":"https:\/\/iqproduct.com\/hu\/wp-json\/wp\/v2\/pages\/1689","targetHints":{"allow":["GET"]}}],"collection":[{"href":"https:\/\/iqproduct.com\/hu\/wp-json\/wp\/v2\/pages"}],"about":[{"href":"https:\/\/iqproduct.com\/hu\/wp-json\/wp\/v2\/types\/page"}],"author":[{"embeddable":true,"href":"https:\/\/iqproduct.com\/hu\/wp-json\/wp\/v2\/users\/5"}],"replies":[{"embeddable":true,"href":"https:\/\/iqproduct.com\/hu\/wp-json\/wp\/v2\/comments?post=1689"}],"version-history":[{"count":3,"href":"https:\/\/iqproduct.com\/hu\/wp-json\/wp\/v2\/pages\/1689\/revisions"}],"predecessor-version":[{"id":3254,"href":"https:\/\/iqproduct.com\/hu\/wp-json\/wp\/v2\/pages\/1689\/revisions\/3254"}],"wp:attachment":[{"href":"https:\/\/iqproduct.com\/hu\/wp-json\/wp\/v2\/media?parent=1689"}],"curies":[{"name":"wp","href":"https:\/\/api.w.org\/{rel}","templated":true}]}}