{"id":1729,"date":"2023-08-15T12:14:01","date_gmt":"2023-08-15T10:14:01","guid":{"rendered":"https:\/\/iqproduct.com\/?page_id=1729"},"modified":"2026-02-04T14:24:49","modified_gmt":"2026-02-04T13:24:49","slug":"gyartasi-technologiak","status":"publish","type":"page","link":"https:\/\/iqproduct.com\/hu\/gyartasi-technologiak\/","title":{"rendered":"Gy\u00e1rt\u00e1si technol\u00f3gi\u00e1k"},"content":{"rendered":"","protected":false},"excerpt":{"rendered":"","protected":false},"author":4,"featured_media":838,"parent":0,"menu_order":0,"comment_status":"closed","ping_status":"closed","template":"page-technologie.php","meta":{"_acf_changed":false,"footnotes":""},"class_list":["post-1729","page","type-page","status-publish","has-post-thumbnail","hentry"],"acf":[],"yoast_head":"<!-- This site is optimized with the Yoast SEO plugin v27.0 - https:\/\/yoast.com\/product\/yoast-seo-wordpress\/ -->\n<title>Gy\u00e1rt\u00e1si technol\u00f3gi\u00e1k - IQProduct<\/title>\n<meta name=\"description\" content=\"Modern gy\u00e1rt\u00e1si technol\u00f3gi\u00e1k az IQ PRODUCT-n\u00e9l: UV flex\u00f3, ofszet, szitanyom\u00e1s, pr\u00e9gel\u00e9s \u00e9s speci\u00e1lis finom\u00edt\u00e1si m\u0171veletek.\" \/>\n<meta name=\"robots\" content=\"index, follow, max-snippet:-1, max-image-preview:large, max-video-preview:-1\" \/>\n<link rel=\"canonical\" href=\"https:\/\/iqproduct.com\/hu\/gyartasi-technologiak\/\" \/>\n<meta property=\"og:locale\" content=\"hu_HU\" \/>\n<meta property=\"og:type\" content=\"article\" \/>\n<meta property=\"og:title\" content=\"Gy\u00e1rt\u00e1si technol\u00f3gi\u00e1k | IQ PRODUCT\" \/>\n<meta property=\"og:description\" content=\"Fedezze fel az IQ PRODUCT korszer\u0171 gy\u00e1rt\u00e1si technol\u00f3gi\u00e1it \u2013 a prec\u00edz nyomtat\u00e1st\u00f3l a speci\u00e1lis finom\u00edt\u00e1sig.\" \/>\n<meta property=\"og:url\" content=\"https:\/\/iqproduct.com\/hu\/gyartasi-technologiak\/\" \/>\n<meta property=\"og:site_name\" content=\"IQProduct\" \/>\n<meta property=\"article:modified_time\" content=\"2026-02-04T13:24:49+00:00\" \/>\n<meta property=\"og:image\" content=\"https:\/\/iqproduct.com\/wp-content\/uploads\/2026\/02\/Technologie_hu.webp\" \/>\n\t<meta property=\"og:image:width\" content=\"1200\" \/>\n\t<meta property=\"og:image:height\" content=\"628\" \/>\n\t<meta property=\"og:image:type\" content=\"image\/webp\" \/>\n<meta name=\"twitter:card\" content=\"summary_large_image\" \/>\n<meta name=\"twitter:label1\" content=\"Becs\u00fclt olvas\u00e1si id\u0151\" \/>\n\t<meta name=\"twitter:data1\" content=\"1 perc\" \/>\n<script type=\"application\/ld+json\" class=\"yoast-schema-graph\">{\"@context\":\"https:\/\/schema.org\",\"@graph\":[{\"@type\":\"WebPage\",\"@id\":\"https:\/\/iqproduct.com\/hu\/gyartasi-technologiak\/\",\"url\":\"https:\/\/iqproduct.com\/hu\/gyartasi-technologiak\/\",\"name\":\"Gy\u00e1rt\u00e1si technol\u00f3gi\u00e1k - IQProduct\",\"isPartOf\":{\"@id\":\"https:\/\/iqproduct.com\/hu\/#website\"},\"primaryImageOfPage\":{\"@id\":\"https:\/\/iqproduct.com\/hu\/gyartasi-technologiak\/#primaryimage\"},\"image\":{\"@id\":\"https:\/\/iqproduct.com\/hu\/gyartasi-technologiak\/#primaryimage\"},\"thumbnailUrl\":\"https:\/\/iqproduct.com\/wp-content\/uploads\/2023\/10\/DSC_6182-Kopirovat.jpg\",\"datePublished\":\"2023-08-15T10:14:01+00:00\",\"dateModified\":\"2026-02-04T13:24:49+00:00\",\"description\":\"Modern gy\u00e1rt\u00e1si technol\u00f3gi\u00e1k az IQ PRODUCT-n\u00e9l: UV flex\u00f3, ofszet, szitanyom\u00e1s, pr\u00e9gel\u00e9s \u00e9s speci\u00e1lis finom\u00edt\u00e1si m\u0171veletek.\",\"breadcrumb\":{\"@id\":\"https:\/\/iqproduct.com\/hu\/gyartasi-technologiak\/#breadcrumb\"},\"inLanguage\":\"hu\",\"potentialAction\":[{\"@type\":\"ReadAction\",\"target\":[\"https:\/\/iqproduct.com\/hu\/gyartasi-technologiak\/\"]}]},{\"@type\":\"ImageObject\",\"inLanguage\":\"hu\",\"@id\":\"https:\/\/iqproduct.com\/hu\/gyartasi-technologiak\/#primaryimage\",\"url\":\"https:\/\/iqproduct.com\/wp-content\/uploads\/2023\/10\/DSC_6182-Kopirovat.jpg\",\"contentUrl\":\"https:\/\/iqproduct.com\/wp-content\/uploads\/2023\/10\/DSC_6182-Kopirovat.jpg\",\"width\":1620,\"height\":1080},{\"@type\":\"BreadcrumbList\",\"@id\":\"https:\/\/iqproduct.com\/hu\/gyartasi-technologiak\/#breadcrumb\",\"itemListElement\":[{\"@type\":\"ListItem\",\"position\":1,\"name\":\"Domovsk\u00e1 str\u00e1nka\",\"item\":\"https:\/\/iqproduct.com\/hu\/\"},{\"@type\":\"ListItem\",\"position\":2,\"name\":\"Gy\u00e1rt\u00e1si technol\u00f3gi\u00e1k\"}]},{\"@type\":\"WebSite\",\"@id\":\"https:\/\/iqproduct.com\/hu\/#website\",\"url\":\"https:\/\/iqproduct.com\/hu\/\",\"name\":\"IQProduct\",\"description\":\"\",\"publisher\":{\"@id\":\"https:\/\/iqproduct.com\/hu\/#organization\"},\"potentialAction\":[{\"@type\":\"SearchAction\",\"target\":{\"@type\":\"EntryPoint\",\"urlTemplate\":\"https:\/\/iqproduct.com\/hu\/?s={search_term_string}\"},\"query-input\":{\"@type\":\"PropertyValueSpecification\",\"valueRequired\":true,\"valueName\":\"search_term_string\"}}],\"inLanguage\":\"hu\"},{\"@type\":\"Organization\",\"@id\":\"https:\/\/iqproduct.com\/hu\/#organization\",\"name\":\"IQ Product\",\"url\":\"https:\/\/iqproduct.com\/hu\/\",\"logo\":{\"@type\":\"ImageObject\",\"inLanguage\":\"hu\",\"@id\":\"https:\/\/iqproduct.com\/hu\/#\/schema\/logo\/image\/\",\"url\":\"https:\/\/iqproduct.com\/wp-content\/uploads\/2023\/08\/iq-label_logo.svg\",\"contentUrl\":\"https:\/\/iqproduct.com\/wp-content\/uploads\/2023\/08\/iq-label_logo.svg\",\"width\":1,\"height\":1,\"caption\":\"IQ Product\"},\"image\":{\"@id\":\"https:\/\/iqproduct.com\/hu\/#\/schema\/logo\/image\/\"}}]}<\/script>\n<!-- \/ Yoast SEO plugin. -->","yoast_head_json":{"title":"Gy\u00e1rt\u00e1si technol\u00f3gi\u00e1k - IQProduct","description":"Modern gy\u00e1rt\u00e1si technol\u00f3gi\u00e1k az IQ PRODUCT-n\u00e9l: UV flex\u00f3, ofszet, szitanyom\u00e1s, pr\u00e9gel\u00e9s \u00e9s speci\u00e1lis finom\u00edt\u00e1si m\u0171veletek.","robots":{"index":"index","follow":"follow","max-snippet":"max-snippet:-1","max-image-preview":"max-image-preview:large","max-video-preview":"max-video-preview:-1"},"canonical":"https:\/\/iqproduct.com\/hu\/gyartasi-technologiak\/","og_locale":"hu_HU","og_type":"article","og_title":"Gy\u00e1rt\u00e1si technol\u00f3gi\u00e1k | IQ PRODUCT","og_description":"Fedezze fel az IQ PRODUCT korszer\u0171 gy\u00e1rt\u00e1si technol\u00f3gi\u00e1it \u2013 a prec\u00edz nyomtat\u00e1st\u00f3l a speci\u00e1lis finom\u00edt\u00e1sig.","og_url":"https:\/\/iqproduct.com\/hu\/gyartasi-technologiak\/","og_site_name":"IQProduct","article_modified_time":"2026-02-04T13:24:49+00:00","og_image":[{"width":1200,"height":628,"url":"https:\/\/iqproduct.com\/wp-content\/uploads\/2026\/02\/Technologie_hu.webp","type":"image\/webp"}],"twitter_card":"summary_large_image","twitter_misc":{"Becs\u00fclt olvas\u00e1si id\u0151":"1 perc"},"schema":{"@context":"https:\/\/schema.org","@graph":[{"@type":"WebPage","@id":"https:\/\/iqproduct.com\/hu\/gyartasi-technologiak\/","url":"https:\/\/iqproduct.com\/hu\/gyartasi-technologiak\/","name":"Gy\u00e1rt\u00e1si technol\u00f3gi\u00e1k - IQProduct","isPartOf":{"@id":"https:\/\/iqproduct.com\/hu\/#website"},"primaryImageOfPage":{"@id":"https:\/\/iqproduct.com\/hu\/gyartasi-technologiak\/#primaryimage"},"image":{"@id":"https:\/\/iqproduct.com\/hu\/gyartasi-technologiak\/#primaryimage"},"thumbnailUrl":"https:\/\/iqproduct.com\/wp-content\/uploads\/2023\/10\/DSC_6182-Kopirovat.jpg","datePublished":"2023-08-15T10:14:01+00:00","dateModified":"2026-02-04T13:24:49+00:00","description":"Modern gy\u00e1rt\u00e1si technol\u00f3gi\u00e1k az IQ PRODUCT-n\u00e9l: UV flex\u00f3, ofszet, szitanyom\u00e1s, pr\u00e9gel\u00e9s \u00e9s speci\u00e1lis finom\u00edt\u00e1si m\u0171veletek.","breadcrumb":{"@id":"https:\/\/iqproduct.com\/hu\/gyartasi-technologiak\/#breadcrumb"},"inLanguage":"hu","potentialAction":[{"@type":"ReadAction","target":["https:\/\/iqproduct.com\/hu\/gyartasi-technologiak\/"]}]},{"@type":"ImageObject","inLanguage":"hu","@id":"https:\/\/iqproduct.com\/hu\/gyartasi-technologiak\/#primaryimage","url":"https:\/\/iqproduct.com\/wp-content\/uploads\/2023\/10\/DSC_6182-Kopirovat.jpg","contentUrl":"https:\/\/iqproduct.com\/wp-content\/uploads\/2023\/10\/DSC_6182-Kopirovat.jpg","width":1620,"height":1080},{"@type":"BreadcrumbList","@id":"https:\/\/iqproduct.com\/hu\/gyartasi-technologiak\/#breadcrumb","itemListElement":[{"@type":"ListItem","position":1,"name":"Domovsk\u00e1 str\u00e1nka","item":"https:\/\/iqproduct.com\/hu\/"},{"@type":"ListItem","position":2,"name":"Gy\u00e1rt\u00e1si technol\u00f3gi\u00e1k"}]},{"@type":"WebSite","@id":"https:\/\/iqproduct.com\/hu\/#website","url":"https:\/\/iqproduct.com\/hu\/","name":"IQProduct","description":"","publisher":{"@id":"https:\/\/iqproduct.com\/hu\/#organization"},"potentialAction":[{"@type":"SearchAction","target":{"@type":"EntryPoint","urlTemplate":"https:\/\/iqproduct.com\/hu\/?s={search_term_string}"},"query-input":{"@type":"PropertyValueSpecification","valueRequired":true,"valueName":"search_term_string"}}],"inLanguage":"hu"},{"@type":"Organization","@id":"https:\/\/iqproduct.com\/hu\/#organization","name":"IQ Product","url":"https:\/\/iqproduct.com\/hu\/","logo":{"@type":"ImageObject","inLanguage":"hu","@id":"https:\/\/iqproduct.com\/hu\/#\/schema\/logo\/image\/","url":"https:\/\/iqproduct.com\/wp-content\/uploads\/2023\/08\/iq-label_logo.svg","contentUrl":"https:\/\/iqproduct.com\/wp-content\/uploads\/2023\/08\/iq-label_logo.svg","width":1,"height":1,"caption":"IQ Product"},"image":{"@id":"https:\/\/iqproduct.com\/hu\/#\/schema\/logo\/image\/"}}]}},"_links":{"self":[{"href":"https:\/\/iqproduct.com\/hu\/wp-json\/wp\/v2\/pages\/1729","targetHints":{"allow":["GET"]}}],"collection":[{"href":"https:\/\/iqproduct.com\/hu\/wp-json\/wp\/v2\/pages"}],"about":[{"href":"https:\/\/iqproduct.com\/hu\/wp-json\/wp\/v2\/types\/page"}],"author":[{"embeddable":true,"href":"https:\/\/iqproduct.com\/hu\/wp-json\/wp\/v2\/users\/4"}],"replies":[{"embeddable":true,"href":"https:\/\/iqproduct.com\/hu\/wp-json\/wp\/v2\/comments?post=1729"}],"version-history":[{"count":3,"href":"https:\/\/iqproduct.com\/hu\/wp-json\/wp\/v2\/pages\/1729\/revisions"}],"predecessor-version":[{"id":2176,"href":"https:\/\/iqproduct.com\/hu\/wp-json\/wp\/v2\/pages\/1729\/revisions\/2176"}],"wp:featuredmedia":[{"embeddable":true,"href":"https:\/\/iqproduct.com\/hu\/wp-json\/wp\/v2\/media\/838"}],"wp:attachment":[{"href":"https:\/\/iqproduct.com\/hu\/wp-json\/wp\/v2\/media?parent=1729"}],"curies":[{"name":"wp","href":"https:\/\/api.w.org\/{rel}","templated":true}]}}