{"id":1777,"date":"2023-08-15T12:13:31","date_gmt":"2023-08-15T10:13:31","guid":{"rendered":"https:\/\/iqproduct.com\/?page_id=1777"},"modified":"2026-02-04T14:21:21","modified_gmt":"2026-02-04T13:21:21","slug":"ipari-megoldasok","status":"publish","type":"page","link":"https:\/\/iqproduct.com\/hu\/ipari-megoldasok\/","title":{"rendered":"Ipari megold\u00e1sok"},"content":{"rendered":"","protected":false},"excerpt":{"rendered":"","protected":false},"author":6,"featured_media":744,"parent":0,"menu_order":0,"comment_status":"closed","ping_status":"closed","template":"page-solutions.php","meta":{"_acf_changed":false,"footnotes":""},"class_list":["post-1777","page","type-page","status-publish","has-post-thumbnail","hentry"],"acf":[],"yoast_head":"<!-- This site is optimized with the Yoast SEO plugin v27.0 - https:\/\/yoast.com\/product\/yoast-seo-wordpress\/ -->\n<title>Ipari megold\u00e1sok - IQProduct<\/title>\n<meta name=\"description\" content=\"Az IQ PRODUCT komplex ipari c\u00edmk\u00e9z\u00e9si megold\u00e1sokat k\u00edn\u00e1l logisztika, \u00e9lelmiszeripar \u00e9s gy\u00e1rt\u00e1s sz\u00e1m\u00e1ra. Tart\u00f3s, egyedi \u00e9s megb\u00edzhat\u00f3 c\u00edmk\u00e9k.\" \/>\n<meta name=\"robots\" content=\"index, follow, max-snippet:-1, max-image-preview:large, max-video-preview:-1\" \/>\n<link rel=\"canonical\" href=\"https:\/\/iqproduct.com\/hu\/ipari-megoldasok\/\" \/>\n<meta property=\"og:locale\" content=\"hu_HU\" \/>\n<meta property=\"og:type\" content=\"article\" \/>\n<meta property=\"og:title\" content=\"Ipari c\u00edmk\u00e9z\u00e9si megold\u00e1sok k\u00fcl\u00f6nb\u00f6z\u0151 ipar\u00e1gak sz\u00e1m\u00e1ra | IQ PRODUCT\" \/>\n<meta property=\"og:description\" content=\"Komplex \u00e9s testre szabott c\u00edmk\u00e9z\u00e9si megold\u00e1sok ipari felhaszn\u00e1l\u00e1sra. Modern technol\u00f3gia, t\u00f6bb mint 30 \u00e9v tapasztalat.\" \/>\n<meta property=\"og:url\" content=\"https:\/\/iqproduct.com\/hu\/ipari-megoldasok\/\" \/>\n<meta property=\"og:site_name\" content=\"IQProduct\" \/>\n<meta property=\"article:modified_time\" content=\"2026-02-04T13:21:21+00:00\" \/>\n<meta property=\"og:image\" content=\"https:\/\/iqproduct.com\/wp-content\/uploads\/2026\/02\/Riesenia_hu.webp\" \/>\n\t<meta property=\"og:image:width\" content=\"1200\" \/>\n\t<meta property=\"og:image:height\" content=\"628\" \/>\n\t<meta property=\"og:image:type\" content=\"image\/webp\" \/>\n<meta name=\"twitter:card\" content=\"summary_large_image\" \/>\n<meta name=\"twitter:label1\" content=\"Becs\u00fclt olvas\u00e1si id\u0151\" \/>\n\t<meta name=\"twitter:data1\" content=\"1 perc\" \/>\n<script type=\"application\/ld+json\" class=\"yoast-schema-graph\">{\"@context\":\"https:\/\/schema.org\",\"@graph\":[{\"@type\":\"WebPage\",\"@id\":\"https:\/\/iqproduct.com\/hu\/ipari-megoldasok\/\",\"url\":\"https:\/\/iqproduct.com\/hu\/ipari-megoldasok\/\",\"name\":\"Ipari megold\u00e1sok - IQProduct\",\"isPartOf\":{\"@id\":\"https:\/\/iqproduct.com\/hu\/#website\"},\"primaryImageOfPage\":{\"@id\":\"https:\/\/iqproduct.com\/hu\/ipari-megoldasok\/#primaryimage\"},\"image\":{\"@id\":\"https:\/\/iqproduct.com\/hu\/ipari-megoldasok\/#primaryimage\"},\"thumbnailUrl\":\"https:\/\/iqproduct.com\/wp-content\/uploads\/2023\/10\/DSC_7382-Kopirovat.jpg\",\"datePublished\":\"2023-08-15T10:13:31+00:00\",\"dateModified\":\"2026-02-04T13:21:21+00:00\",\"description\":\"Az IQ PRODUCT komplex ipari c\u00edmk\u00e9z\u00e9si megold\u00e1sokat k\u00edn\u00e1l logisztika, \u00e9lelmiszeripar \u00e9s gy\u00e1rt\u00e1s sz\u00e1m\u00e1ra. Tart\u00f3s, egyedi \u00e9s megb\u00edzhat\u00f3 c\u00edmk\u00e9k.\",\"breadcrumb\":{\"@id\":\"https:\/\/iqproduct.com\/hu\/ipari-megoldasok\/#breadcrumb\"},\"inLanguage\":\"hu\",\"potentialAction\":[{\"@type\":\"ReadAction\",\"target\":[\"https:\/\/iqproduct.com\/hu\/ipari-megoldasok\/\"]}]},{\"@type\":\"ImageObject\",\"inLanguage\":\"hu\",\"@id\":\"https:\/\/iqproduct.com\/hu\/ipari-megoldasok\/#primaryimage\",\"url\":\"https:\/\/iqproduct.com\/wp-content\/uploads\/2023\/10\/DSC_7382-Kopirovat.jpg\",\"contentUrl\":\"https:\/\/iqproduct.com\/wp-content\/uploads\/2023\/10\/DSC_7382-Kopirovat.jpg\",\"width\":1620,\"height\":1080},{\"@type\":\"BreadcrumbList\",\"@id\":\"https:\/\/iqproduct.com\/hu\/ipari-megoldasok\/#breadcrumb\",\"itemListElement\":[{\"@type\":\"ListItem\",\"position\":1,\"name\":\"Domovsk\u00e1 str\u00e1nka\",\"item\":\"https:\/\/iqproduct.com\/hu\/\"},{\"@type\":\"ListItem\",\"position\":2,\"name\":\"Ipari megold\u00e1sok\"}]},{\"@type\":\"WebSite\",\"@id\":\"https:\/\/iqproduct.com\/hu\/#website\",\"url\":\"https:\/\/iqproduct.com\/hu\/\",\"name\":\"IQProduct\",\"description\":\"\",\"publisher\":{\"@id\":\"https:\/\/iqproduct.com\/hu\/#organization\"},\"potentialAction\":[{\"@type\":\"SearchAction\",\"target\":{\"@type\":\"EntryPoint\",\"urlTemplate\":\"https:\/\/iqproduct.com\/hu\/?s={search_term_string}\"},\"query-input\":{\"@type\":\"PropertyValueSpecification\",\"valueRequired\":true,\"valueName\":\"search_term_string\"}}],\"inLanguage\":\"hu\"},{\"@type\":\"Organization\",\"@id\":\"https:\/\/iqproduct.com\/hu\/#organization\",\"name\":\"IQ Product\",\"url\":\"https:\/\/iqproduct.com\/hu\/\",\"logo\":{\"@type\":\"ImageObject\",\"inLanguage\":\"hu\",\"@id\":\"https:\/\/iqproduct.com\/hu\/#\/schema\/logo\/image\/\",\"url\":\"https:\/\/iqproduct.com\/wp-content\/uploads\/2023\/08\/iq-label_logo.svg\",\"contentUrl\":\"https:\/\/iqproduct.com\/wp-content\/uploads\/2023\/08\/iq-label_logo.svg\",\"width\":1,\"height\":1,\"caption\":\"IQ Product\"},\"image\":{\"@id\":\"https:\/\/iqproduct.com\/hu\/#\/schema\/logo\/image\/\"}}]}<\/script>\n<!-- \/ Yoast SEO plugin. -->","yoast_head_json":{"title":"Ipari megold\u00e1sok - IQProduct","description":"Az IQ PRODUCT komplex ipari c\u00edmk\u00e9z\u00e9si megold\u00e1sokat k\u00edn\u00e1l logisztika, \u00e9lelmiszeripar \u00e9s gy\u00e1rt\u00e1s sz\u00e1m\u00e1ra. Tart\u00f3s, egyedi \u00e9s megb\u00edzhat\u00f3 c\u00edmk\u00e9k.","robots":{"index":"index","follow":"follow","max-snippet":"max-snippet:-1","max-image-preview":"max-image-preview:large","max-video-preview":"max-video-preview:-1"},"canonical":"https:\/\/iqproduct.com\/hu\/ipari-megoldasok\/","og_locale":"hu_HU","og_type":"article","og_title":"Ipari c\u00edmk\u00e9z\u00e9si megold\u00e1sok k\u00fcl\u00f6nb\u00f6z\u0151 ipar\u00e1gak sz\u00e1m\u00e1ra | IQ PRODUCT","og_description":"Komplex \u00e9s testre szabott c\u00edmk\u00e9z\u00e9si megold\u00e1sok ipari felhaszn\u00e1l\u00e1sra. Modern technol\u00f3gia, t\u00f6bb mint 30 \u00e9v tapasztalat.","og_url":"https:\/\/iqproduct.com\/hu\/ipari-megoldasok\/","og_site_name":"IQProduct","article_modified_time":"2026-02-04T13:21:21+00:00","og_image":[{"width":1200,"height":628,"url":"https:\/\/iqproduct.com\/wp-content\/uploads\/2026\/02\/Riesenia_hu.webp","type":"image\/webp"}],"twitter_card":"summary_large_image","twitter_misc":{"Becs\u00fclt olvas\u00e1si id\u0151":"1 perc"},"schema":{"@context":"https:\/\/schema.org","@graph":[{"@type":"WebPage","@id":"https:\/\/iqproduct.com\/hu\/ipari-megoldasok\/","url":"https:\/\/iqproduct.com\/hu\/ipari-megoldasok\/","name":"Ipari megold\u00e1sok - IQProduct","isPartOf":{"@id":"https:\/\/iqproduct.com\/hu\/#website"},"primaryImageOfPage":{"@id":"https:\/\/iqproduct.com\/hu\/ipari-megoldasok\/#primaryimage"},"image":{"@id":"https:\/\/iqproduct.com\/hu\/ipari-megoldasok\/#primaryimage"},"thumbnailUrl":"https:\/\/iqproduct.com\/wp-content\/uploads\/2023\/10\/DSC_7382-Kopirovat.jpg","datePublished":"2023-08-15T10:13:31+00:00","dateModified":"2026-02-04T13:21:21+00:00","description":"Az IQ PRODUCT komplex ipari c\u00edmk\u00e9z\u00e9si megold\u00e1sokat k\u00edn\u00e1l logisztika, \u00e9lelmiszeripar \u00e9s gy\u00e1rt\u00e1s sz\u00e1m\u00e1ra. Tart\u00f3s, egyedi \u00e9s megb\u00edzhat\u00f3 c\u00edmk\u00e9k.","breadcrumb":{"@id":"https:\/\/iqproduct.com\/hu\/ipari-megoldasok\/#breadcrumb"},"inLanguage":"hu","potentialAction":[{"@type":"ReadAction","target":["https:\/\/iqproduct.com\/hu\/ipari-megoldasok\/"]}]},{"@type":"ImageObject","inLanguage":"hu","@id":"https:\/\/iqproduct.com\/hu\/ipari-megoldasok\/#primaryimage","url":"https:\/\/iqproduct.com\/wp-content\/uploads\/2023\/10\/DSC_7382-Kopirovat.jpg","contentUrl":"https:\/\/iqproduct.com\/wp-content\/uploads\/2023\/10\/DSC_7382-Kopirovat.jpg","width":1620,"height":1080},{"@type":"BreadcrumbList","@id":"https:\/\/iqproduct.com\/hu\/ipari-megoldasok\/#breadcrumb","itemListElement":[{"@type":"ListItem","position":1,"name":"Domovsk\u00e1 str\u00e1nka","item":"https:\/\/iqproduct.com\/hu\/"},{"@type":"ListItem","position":2,"name":"Ipari megold\u00e1sok"}]},{"@type":"WebSite","@id":"https:\/\/iqproduct.com\/hu\/#website","url":"https:\/\/iqproduct.com\/hu\/","name":"IQProduct","description":"","publisher":{"@id":"https:\/\/iqproduct.com\/hu\/#organization"},"potentialAction":[{"@type":"SearchAction","target":{"@type":"EntryPoint","urlTemplate":"https:\/\/iqproduct.com\/hu\/?s={search_term_string}"},"query-input":{"@type":"PropertyValueSpecification","valueRequired":true,"valueName":"search_term_string"}}],"inLanguage":"hu"},{"@type":"Organization","@id":"https:\/\/iqproduct.com\/hu\/#organization","name":"IQ Product","url":"https:\/\/iqproduct.com\/hu\/","logo":{"@type":"ImageObject","inLanguage":"hu","@id":"https:\/\/iqproduct.com\/hu\/#\/schema\/logo\/image\/","url":"https:\/\/iqproduct.com\/wp-content\/uploads\/2023\/08\/iq-label_logo.svg","contentUrl":"https:\/\/iqproduct.com\/wp-content\/uploads\/2023\/08\/iq-label_logo.svg","width":1,"height":1,"caption":"IQ Product"},"image":{"@id":"https:\/\/iqproduct.com\/hu\/#\/schema\/logo\/image\/"}}]}},"_links":{"self":[{"href":"https:\/\/iqproduct.com\/hu\/wp-json\/wp\/v2\/pages\/1777","targetHints":{"allow":["GET"]}}],"collection":[{"href":"https:\/\/iqproduct.com\/hu\/wp-json\/wp\/v2\/pages"}],"about":[{"href":"https:\/\/iqproduct.com\/hu\/wp-json\/wp\/v2\/types\/page"}],"author":[{"embeddable":true,"href":"https:\/\/iqproduct.com\/hu\/wp-json\/wp\/v2\/users\/6"}],"replies":[{"embeddable":true,"href":"https:\/\/iqproduct.com\/hu\/wp-json\/wp\/v2\/comments?post=1777"}],"version-history":[{"count":3,"href":"https:\/\/iqproduct.com\/hu\/wp-json\/wp\/v2\/pages\/1777\/revisions"}],"predecessor-version":[{"id":2487,"href":"https:\/\/iqproduct.com\/hu\/wp-json\/wp\/v2\/pages\/1777\/revisions\/2487"}],"wp:featuredmedia":[{"embeddable":true,"href":"https:\/\/iqproduct.com\/hu\/wp-json\/wp\/v2\/media\/744"}],"wp:attachment":[{"href":"https:\/\/iqproduct.com\/hu\/wp-json\/wp\/v2\/media?parent=1777"}],"curies":[{"name":"wp","href":"https:\/\/api.w.org\/{rel}","templated":true}]}}