{"id":2196,"date":"2023-08-15T12:14:49","date_gmt":"2023-08-15T10:14:49","guid":{"rendered":"https:\/\/iqproduct.com\/?page_id=2196"},"modified":"2026-03-06T13:20:08","modified_gmt":"2026-03-06T12:20:08","slug":"kapcsolat","status":"publish","type":"page","link":"https:\/\/iqproduct.com\/hu\/kapcsolat\/","title":{"rendered":"Kapcsolat"},"content":{"rendered":"","protected":false},"excerpt":{"rendered":"","protected":false},"author":6,"featured_media":0,"parent":0,"menu_order":0,"comment_status":"closed","ping_status":"closed","template":"page-contact.php","meta":{"_acf_changed":false,"footnotes":""},"class_list":["post-2196","page","type-page","status-publish","hentry"],"acf":[],"yoast_head":"<!-- This site is optimized with the Yoast SEO plugin v27.0 - https:\/\/yoast.com\/product\/yoast-seo-wordpress\/ -->\n<title>Kapcsolat - IQProduct<\/title>\n<meta name=\"description\" content=\"Vegye fel vel\u00fcnk a kapcsolatot! \u00c9rt\u00e9kes\u00edt\u00e9si \u00e9s \u00fcgyf\u00e9lszolg\u00e1lati csapatunk k\u00e9szs\u00e9ggel seg\u00edt ipari c\u00edmk\u00e9z\u00e9si megold\u00e1sokban.\" \/>\n<meta name=\"robots\" content=\"index, follow, max-snippet:-1, max-image-preview:large, max-video-preview:-1\" \/>\n<link rel=\"canonical\" href=\"https:\/\/iqproduct.com\/hu\/kapcsolat\/\" \/>\n<meta property=\"og:locale\" content=\"hu_HU\" \/>\n<meta property=\"og:type\" content=\"article\" \/>\n<meta property=\"og:title\" content=\"Kapcsolat | IQ PRODUCT\" \/>\n<meta property=\"og:description\" content=\"L\u00e9pjen kapcsolatba az IQ PRODUCT csapat\u00e1val. Szem\u00e9lyre szabott ipari c\u00edmk\u00e9z\u00e9si megold\u00e1sok \u00e9s gyors v\u00e1lasz.\" \/>\n<meta property=\"og:url\" content=\"https:\/\/iqproduct.com\/hu\/kapcsolat\/\" \/>\n<meta property=\"og:site_name\" content=\"IQProduct\" \/>\n<meta property=\"article:modified_time\" content=\"2026-03-06T12:20:08+00:00\" \/>\n<meta property=\"og:image\" content=\"https:\/\/iqproduct.com\/wp-content\/uploads\/2026\/02\/Kontakt_hu.webp\" \/>\n\t<meta property=\"og:image:width\" content=\"1200\" \/>\n\t<meta property=\"og:image:height\" content=\"628\" \/>\n\t<meta property=\"og:image:type\" content=\"image\/webp\" \/>\n<meta name=\"twitter:card\" content=\"summary_large_image\" \/>\n<script type=\"application\/ld+json\" class=\"yoast-schema-graph\">{\"@context\":\"https:\/\/schema.org\",\"@graph\":[{\"@type\":\"WebPage\",\"@id\":\"https:\/\/iqproduct.com\/hu\/kapcsolat\/\",\"url\":\"https:\/\/iqproduct.com\/hu\/kapcsolat\/\",\"name\":\"Kapcsolat - IQProduct\",\"isPartOf\":{\"@id\":\"https:\/\/iqproduct.com\/hu\/#website\"},\"datePublished\":\"2023-08-15T10:14:49+00:00\",\"dateModified\":\"2026-03-06T12:20:08+00:00\",\"description\":\"Vegye fel vel\u00fcnk a kapcsolatot! \u00c9rt\u00e9kes\u00edt\u00e9si \u00e9s \u00fcgyf\u00e9lszolg\u00e1lati csapatunk k\u00e9szs\u00e9ggel seg\u00edt ipari c\u00edmk\u00e9z\u00e9si megold\u00e1sokban.\",\"breadcrumb\":{\"@id\":\"https:\/\/iqproduct.com\/hu\/kapcsolat\/#breadcrumb\"},\"inLanguage\":\"hu\",\"potentialAction\":[{\"@type\":\"ReadAction\",\"target\":[\"https:\/\/iqproduct.com\/hu\/kapcsolat\/\"]}]},{\"@type\":\"BreadcrumbList\",\"@id\":\"https:\/\/iqproduct.com\/hu\/kapcsolat\/#breadcrumb\",\"itemListElement\":[{\"@type\":\"ListItem\",\"position\":1,\"name\":\"Domovsk\u00e1 str\u00e1nka\",\"item\":\"https:\/\/iqproduct.com\/hu\/\"},{\"@type\":\"ListItem\",\"position\":2,\"name\":\"Kapcsolat\"}]},{\"@type\":\"WebSite\",\"@id\":\"https:\/\/iqproduct.com\/hu\/#website\",\"url\":\"https:\/\/iqproduct.com\/hu\/\",\"name\":\"IQProduct\",\"description\":\"\",\"publisher\":{\"@id\":\"https:\/\/iqproduct.com\/hu\/#organization\"},\"potentialAction\":[{\"@type\":\"SearchAction\",\"target\":{\"@type\":\"EntryPoint\",\"urlTemplate\":\"https:\/\/iqproduct.com\/hu\/?s={search_term_string}\"},\"query-input\":{\"@type\":\"PropertyValueSpecification\",\"valueRequired\":true,\"valueName\":\"search_term_string\"}}],\"inLanguage\":\"hu\"},{\"@type\":\"Organization\",\"@id\":\"https:\/\/iqproduct.com\/hu\/#organization\",\"name\":\"IQ Product\",\"url\":\"https:\/\/iqproduct.com\/hu\/\",\"logo\":{\"@type\":\"ImageObject\",\"inLanguage\":\"hu\",\"@id\":\"https:\/\/iqproduct.com\/hu\/#\/schema\/logo\/image\/\",\"url\":\"https:\/\/iqproduct.com\/wp-content\/uploads\/2023\/08\/iq-label_logo.svg\",\"contentUrl\":\"https:\/\/iqproduct.com\/wp-content\/uploads\/2023\/08\/iq-label_logo.svg\",\"width\":1,\"height\":1,\"caption\":\"IQ Product\"},\"image\":{\"@id\":\"https:\/\/iqproduct.com\/hu\/#\/schema\/logo\/image\/\"}}]}<\/script>\n<!-- \/ Yoast SEO plugin. -->","yoast_head_json":{"title":"Kapcsolat - IQProduct","description":"Vegye fel vel\u00fcnk a kapcsolatot! \u00c9rt\u00e9kes\u00edt\u00e9si \u00e9s \u00fcgyf\u00e9lszolg\u00e1lati csapatunk k\u00e9szs\u00e9ggel seg\u00edt ipari c\u00edmk\u00e9z\u00e9si megold\u00e1sokban.","robots":{"index":"index","follow":"follow","max-snippet":"max-snippet:-1","max-image-preview":"max-image-preview:large","max-video-preview":"max-video-preview:-1"},"canonical":"https:\/\/iqproduct.com\/hu\/kapcsolat\/","og_locale":"hu_HU","og_type":"article","og_title":"Kapcsolat | IQ PRODUCT","og_description":"L\u00e9pjen kapcsolatba az IQ PRODUCT csapat\u00e1val. Szem\u00e9lyre szabott ipari c\u00edmk\u00e9z\u00e9si megold\u00e1sok \u00e9s gyors v\u00e1lasz.","og_url":"https:\/\/iqproduct.com\/hu\/kapcsolat\/","og_site_name":"IQProduct","article_modified_time":"2026-03-06T12:20:08+00:00","og_image":[{"width":1200,"height":628,"url":"https:\/\/iqproduct.com\/wp-content\/uploads\/2026\/02\/Kontakt_hu.webp","type":"image\/webp"}],"twitter_card":"summary_large_image","schema":{"@context":"https:\/\/schema.org","@graph":[{"@type":"WebPage","@id":"https:\/\/iqproduct.com\/hu\/kapcsolat\/","url":"https:\/\/iqproduct.com\/hu\/kapcsolat\/","name":"Kapcsolat - IQProduct","isPartOf":{"@id":"https:\/\/iqproduct.com\/hu\/#website"},"datePublished":"2023-08-15T10:14:49+00:00","dateModified":"2026-03-06T12:20:08+00:00","description":"Vegye fel vel\u00fcnk a kapcsolatot! \u00c9rt\u00e9kes\u00edt\u00e9si \u00e9s \u00fcgyf\u00e9lszolg\u00e1lati csapatunk k\u00e9szs\u00e9ggel seg\u00edt ipari c\u00edmk\u00e9z\u00e9si megold\u00e1sokban.","breadcrumb":{"@id":"https:\/\/iqproduct.com\/hu\/kapcsolat\/#breadcrumb"},"inLanguage":"hu","potentialAction":[{"@type":"ReadAction","target":["https:\/\/iqproduct.com\/hu\/kapcsolat\/"]}]},{"@type":"BreadcrumbList","@id":"https:\/\/iqproduct.com\/hu\/kapcsolat\/#breadcrumb","itemListElement":[{"@type":"ListItem","position":1,"name":"Domovsk\u00e1 str\u00e1nka","item":"https:\/\/iqproduct.com\/hu\/"},{"@type":"ListItem","position":2,"name":"Kapcsolat"}]},{"@type":"WebSite","@id":"https:\/\/iqproduct.com\/hu\/#website","url":"https:\/\/iqproduct.com\/hu\/","name":"IQProduct","description":"","publisher":{"@id":"https:\/\/iqproduct.com\/hu\/#organization"},"potentialAction":[{"@type":"SearchAction","target":{"@type":"EntryPoint","urlTemplate":"https:\/\/iqproduct.com\/hu\/?s={search_term_string}"},"query-input":{"@type":"PropertyValueSpecification","valueRequired":true,"valueName":"search_term_string"}}],"inLanguage":"hu"},{"@type":"Organization","@id":"https:\/\/iqproduct.com\/hu\/#organization","name":"IQ Product","url":"https:\/\/iqproduct.com\/hu\/","logo":{"@type":"ImageObject","inLanguage":"hu","@id":"https:\/\/iqproduct.com\/hu\/#\/schema\/logo\/image\/","url":"https:\/\/iqproduct.com\/wp-content\/uploads\/2023\/08\/iq-label_logo.svg","contentUrl":"https:\/\/iqproduct.com\/wp-content\/uploads\/2023\/08\/iq-label_logo.svg","width":1,"height":1,"caption":"IQ Product"},"image":{"@id":"https:\/\/iqproduct.com\/hu\/#\/schema\/logo\/image\/"}}]}},"_links":{"self":[{"href":"https:\/\/iqproduct.com\/hu\/wp-json\/wp\/v2\/pages\/2196","targetHints":{"allow":["GET"]}}],"collection":[{"href":"https:\/\/iqproduct.com\/hu\/wp-json\/wp\/v2\/pages"}],"about":[{"href":"https:\/\/iqproduct.com\/hu\/wp-json\/wp\/v2\/types\/page"}],"author":[{"embeddable":true,"href":"https:\/\/iqproduct.com\/hu\/wp-json\/wp\/v2\/users\/6"}],"replies":[{"embeddable":true,"href":"https:\/\/iqproduct.com\/hu\/wp-json\/wp\/v2\/comments?post=2196"}],"version-history":[{"count":3,"href":"https:\/\/iqproduct.com\/hu\/wp-json\/wp\/v2\/pages\/2196\/revisions"}],"predecessor-version":[{"id":3227,"href":"https:\/\/iqproduct.com\/hu\/wp-json\/wp\/v2\/pages\/2196\/revisions\/3227"}],"wp:attachment":[{"href":"https:\/\/iqproduct.com\/hu\/wp-json\/wp\/v2\/media?parent=2196"}],"curies":[{"name":"wp","href":"https:\/\/api.w.org\/{rel}","templated":true}]}}